{"id":70,"date":"2020-01-13T15:42:37","date_gmt":"2020-01-13T14:42:37","guid":{"rendered":"\/cms\/?page_id=70"},"modified":"2025-11-05T13:17:41","modified_gmt":"2025-11-05T12:17:41","slug":"karriere","status":"publish","type":"page","link":"https:\/\/www.logistikpark.de\/cms\/karriere\/","title":{"rendered":"Karriere"},"content":{"rendered":"<div class=\"slider-wrapper relative hide-for-small\" id=\"slider-773912627\" >\n    <div class=\"slider slider-nav-circle slider-nav-large slider-nav-light slider-style-normal\"\n        data-flickity-options='{\n            \"cellAlign\": \"center\",\n            \"imagesLoaded\": true,\n            \"lazyLoad\": 1,\n            \"freeScroll\": false,\n            \"wrapAround\": true,\n            \"autoPlay\": 6000,\n            \"pauseAutoPlayOnHover\" : true,\n            \"prevNextButtons\": true,\n            \"contain\" : true,\n            \"adaptiveHeight\" : true,\n            \"dragThreshold\" : 10,\n            \"percentPosition\": true,\n            \"pageDots\": true,\n            \"rightToLeft\": false,\n            \"draggable\": true,\n            \"selectedAttraction\": 0.1,\n            \"parallax\" : 0,\n            \"friction\": 0.6        }'\n        >\n        \n\n  <div class=\"banner has-hover\" id=\"banner-900361307\">\n          <div class=\"banner-inner fill\">\n        <div class=\"banner-bg fill\" >\n            <div class=\"bg fill bg-fill \"><\/div>\n                                    \n                    <\/div><!-- bg-layers -->\n        <div class=\"banner-layers container\">\n            <div class=\"fill banner-link\"><\/div>            \n   <div id=\"text-box-957552551\" class=\"text-box banner-layer x95 md-x95 lg-x95 y95 md-y5 lg-y5 res-text\">\n                                <div class=\"text box-shadow-1\">\n              \n              <div class=\"text-inner text-left\">\n                  \n<h6>Willkommen<\/h6>\n<h3 class=\"uppercase\">im team<\/h3>\n<p>Traumjob gefunden? Mit einem Job im Logistikpark Stollberg befindest du dich auf der \u00dcberholspur. Bewirb dich jetzt bei einem der gr\u00f6\u00dften KFZ-Ersatzteil-Logistikcenter Deutschlands, starte eine steile Karriere und werde Teil eines stetig wachsenden Unternehmens.<\/p>\n              <\/div>\n           <\/div><!-- text-box-inner -->\n                            \n<style scope=\"scope\">\n\n#text-box-957552551 .text {\n  background-color: rgba(255, 255, 255, 0.94);\n  font-size: 100%;\n}\n#text-box-957552551 .text-inner {\n  padding: 30px 30px 30px 30px;\n}\n#text-box-957552551 {\n  width: 90%;\n}\n\n\n@media (min-width:550px) {\n\n  #text-box-957552551 {\n    width: 44%;\n  }\n\n}\n<\/style>\n    <\/div><!-- text-box -->\n \n        <\/div><!-- .banner-layers -->\n      <\/div><!-- .banner-inner -->\n\n            \n<style scope=\"scope\">\n\n#banner-900361307 {\n  padding-top: 318px;\n}\n#banner-900361307 .bg.bg-loaded {\n  background-image: url(https:\/\/www.logistikpark.de\/cms\/wp-content\/uploads\/2020\/03\/jobs-1.jpg);\n}\n#banner-900361307 .bg {\n  background-position: 100% 40%;\n}\n<\/style>\n  <\/div><!-- .banner -->\n\n\n\n  <div class=\"banner has-hover\" id=\"banner-1489133688\">\n          <div class=\"banner-inner fill\">\n        <div class=\"banner-bg fill\" >\n            <div class=\"bg fill bg-fill \"><\/div>\n                                    \n                    <\/div><!-- bg-layers -->\n        <div class=\"banner-layers container\">\n            <div class=\"fill banner-link\"><\/div>            \n        <\/div><!-- .banner-layers -->\n      <\/div><!-- .banner-inner -->\n\n            \n<style scope=\"scope\">\n\n#banner-1489133688 {\n  padding-top: 637px;\n}\n#banner-1489133688 .bg.bg-loaded {\n  background-image: url(https:\/\/www.logistikpark.de\/cms\/wp-content\/uploads\/2020\/03\/jobs.jpg);\n}\n#banner-1489133688 .bg {\n  background-position: 62% 68%;\n}\n<\/style>\n  <\/div><!-- .banner -->\n\n\n     <\/div>\n\n     <div class=\"loading-spin dark large centered\"><\/div>\n\n     <style scope=\"scope\">\n             <\/style>\n<\/div><!-- .ux-slider-wrapper -->\n\n\n    <div id=\"dvinci-widget-host-c19e48ff-1c81-4aff-818a-e6e48eb9a3a7\" class=\"\" style=\"width: 100%; min-height: 900px;\"><\/div>\n    <script>\n    (function() {\n      var hostId = \"dvinci-widget-host-c19e48ff-1c81-4aff-818a-e6e48eb9a3a7\";\n      var loader = \"https:\\\/\\\/avag.dvinci-easy.com\\\/appo\\\/public\\\/jobWidgetLoader\\\/246ae552-d9b6-4ca6-8934-239ff9b5b402.js\";\n      var widgetClass = \"dvinci-job-widget\";\n      var minH = 900;\n\n      function mount() {\n        var host = document.getElementById(hostId);\n        if (!host) return setTimeout(mount, 200);\n\n        var iframe = document.createElement('iframe');\n        iframe.setAttribute('title', 'Dvinci Job Widget');\n        iframe.setAttribute('aria-label', 'Dvinci Job Widget');\n        iframe.style.width = '100%';\n        iframe.style.border = '0';\n        iframe.style.minHeight = minH + 'px';\n        host.appendChild(iframe);\n\n        var doc = iframe.contentWindow.document;\n        doc.open();\n        doc.write('<!doctype html><html><head><meta charset=\"utf-8\">'\n          + '<meta name=\"viewport\" content=\"width=device-width, initial-scale=1\">'\n          + '<style>html,body{margin:0;padding:0;} .'+widgetClass+'{all: initial; display:block;}<\/style>'\n          + '<\/head><body>'\n          + '<div class=\"'+widgetClass+'\"><\/div>'\n          + '<script src=\"'+loader+'\" defer><\\\/script>'\n          + '<\/body><\/html>');\n        doc.close();\n\n        \/\/ Optional: Auto-height fallback per polling, falls Widget keine postMessage schickt\n        var lastH = 0;\n        function resize() {\n          try {\n            var h = doc.body.scrollHeight;\n            if (h && h !== lastH) {\n              iframe.style.height = h + 'px';\n              lastH = h;\n            }\n          } catch (e) {}\n          setTimeout(resize, 500);\n        }\n        resize();\n\n        \/\/ Optional: auf Nachrichten h\u00f6ren, wenn das Widget H\u00f6he postMessage-t\n        window.addEventListener('message', function(e) {\n          if (!e || !e.data) return;\n          if (e.source !== iframe.contentWindow) return;\n          if (e.data.height) {\n            iframe.style.height = parseInt(e.data.height, 10) + 'px';\n          }\n        });\n      }\n      if (document.readyState === 'loading') {\n        document.addEventListener('DOMContentLoaded', mount);\n      } else {\n        mount();\n      }\n    })();\n    <\/script>\n    \n<div class=\"slider-wrapper relative show-for-small\" id=\"slider-101569154\" >\n    <div class=\"slider slider-nav-circle slider-nav-large slider-nav-light slider-style-normal\"\n        data-flickity-options='{\n            \"cellAlign\": \"center\",\n            \"imagesLoaded\": true,\n            \"lazyLoad\": 1,\n            \"freeScroll\": false,\n            \"wrapAround\": true,\n            \"autoPlay\": 6000,\n            \"pauseAutoPlayOnHover\" : true,\n            \"prevNextButtons\": true,\n            \"contain\" : true,\n            \"adaptiveHeight\" : true,\n            \"dragThreshold\" : 10,\n            \"percentPosition\": true,\n            \"pageDots\": true,\n            \"rightToLeft\": false,\n            \"draggable\": true,\n            \"selectedAttraction\": 0.1,\n            \"parallax\" : 0,\n            \"friction\": 0.6        }'\n        >\n        \n\n  <div class=\"banner has-hover\" id=\"banner-728964635\">\n          <div class=\"banner-inner fill\">\n        <div class=\"banner-bg fill\" >\n            <div class=\"bg fill bg-fill \"><\/div>\n                                    \n                    <\/div><!-- bg-layers -->\n        <div class=\"banner-layers container\">\n            <div class=\"fill banner-link\"><\/div>            \n   <div id=\"text-box-699872843\" class=\"text-box banner-layer x95 md-x95 lg-x95 y95 md-y0 lg-y0 res-text\">\n                                <div class=\"text box-shadow-1\">\n              \n              <div class=\"text-inner text-left\">\n                  \n<h6>Willkommen<\/h6>\n<h3 class=\"uppercase\">im team<\/h3>\n<p>Traumjob gefunden? Mit einem Job im Logistikpark Stollberg befindest du dich auf der \u00dcberholspur. Bewirb dich jetzt beim gr\u00f6\u00dften KFZ-Ersatzteil-Logistikcenter Deutschland und werde Teil eines stetig wachsenden Unternehmens.<\/p>\n              <\/div>\n           <\/div><!-- text-box-inner -->\n                            \n<style scope=\"scope\">\n\n#text-box-699872843 .text {\n  background-color: rgba(255, 255, 255, 0.94);\n  font-size: 100%;\n}\n#text-box-699872843 .text-inner {\n  padding: 30px 30px 30px 30px;\n}\n#text-box-699872843 {\n  width: 90%;\n}\n\n\n@media (min-width:550px) {\n\n  #text-box-699872843 {\n    width: 44%;\n  }\n\n}\n<\/style>\n    <\/div><!-- text-box -->\n \n        <\/div><!-- .banner-layers -->\n      <\/div><!-- .banner-inner -->\n\n            \n<style scope=\"scope\">\n\n#banner-728964635 {\n  padding-top: 637px;\n}\n#banner-728964635 .bg.bg-loaded {\n  background-image: url(https:\/\/www.logistikpark.de\/cms\/wp-content\/uploads\/2020\/03\/jobs-mobile.jpg);\n}\n#banner-728964635 .bg {\n  background-position: 18% 48%;\n}\n<\/style>\n  <\/div><!-- .banner -->\n\n\n\n  <div class=\"banner has-hover\" id=\"banner-1602384683\">\n          <div class=\"banner-inner fill\">\n        <div class=\"banner-bg fill\" >\n            <div class=\"bg fill bg-fill \"><\/div>\n                                    \n                    <\/div><!-- bg-layers -->\n        <div class=\"banner-layers container\">\n            <div class=\"fill banner-link\"><\/div>            \n        <\/div><!-- .banner-layers -->\n      <\/div><!-- .banner-inner -->\n\n            \n<style scope=\"scope\">\n\n#banner-1602384683 {\n  padding-top: 637px;\n}\n#banner-1602384683 .bg.bg-loaded {\n  background-image: url(https:\/\/www.logistikpark.de\/cms\/wp-content\/uploads\/2020\/03\/jobs.jpg);\n}\n#banner-1602384683 .bg {\n  background-position: 62% 68%;\n}\n<\/style>\n  <\/div><!-- .banner -->\n\n\n     <\/div>\n\n     <div class=\"loading-spin dark large centered\"><\/div>\n\n     <style scope=\"scope\">\n             <\/style>\n<\/div><!-- .ux-slider-wrapper -->\n\n\n","protected":false},"excerpt":{"rendered":"","protected":false},"author":2,"featured_media":331,"parent":0,"menu_order":0,"comment_status":"closed","ping_status":"closed","template":"page-blank.php","meta":{"footnotes":""},"class_list":["post-70","page","type-page","status-publish","has-post-thumbnail","hentry"],"_links":{"self":[{"href":"https:\/\/www.logistikpark.de\/cms\/wp-json\/wp\/v2\/pages\/70","targetHints":{"allow":["GET"]}}],"collection":[{"href":"https:\/\/www.logistikpark.de\/cms\/wp-json\/wp\/v2\/pages"}],"about":[{"href":"https:\/\/www.logistikpark.de\/cms\/wp-json\/wp\/v2\/types\/page"}],"author":[{"embeddable":true,"href":"https:\/\/www.logistikpark.de\/cms\/wp-json\/wp\/v2\/users\/2"}],"replies":[{"embeddable":true,"href":"https:\/\/www.logistikpark.de\/cms\/wp-json\/wp\/v2\/comments?post=70"}],"version-history":[{"count":26,"href":"https:\/\/www.logistikpark.de\/cms\/wp-json\/wp\/v2\/pages\/70\/revisions"}],"predecessor-version":[{"id":2894,"href":"https:\/\/www.logistikpark.de\/cms\/wp-json\/wp\/v2\/pages\/70\/revisions\/2894"}],"wp:featuredmedia":[{"embeddable":true,"href":"https:\/\/www.logistikpark.de\/cms\/wp-json\/wp\/v2\/media\/331"}],"wp:attachment":[{"href":"https:\/\/www.logistikpark.de\/cms\/wp-json\/wp\/v2\/media?parent=70"}],"curies":[{"name":"wp","href":"https:\/\/api.w.org\/{rel}","templated":true}]}}