{"id":59,"date":"2020-01-13T15:26:09","date_gmt":"2020-01-13T14:26:09","guid":{"rendered":"\/cms\/?page_id=59"},"modified":"2025-11-24T09:32:28","modified_gmt":"2025-11-24T08:32:28","slug":"home","status":"publish","type":"page","link":"https:\/\/www.logistikpark.de\/cms\/","title":{"rendered":"Home"},"content":{"rendered":"\n\n<div class=\"container section-title-container\" style=\"margin-top:20px;\"><h3 class=\"section-title section-title-center\"><b><\/b><span class=\"section-title-main\" >Ihr Spezialist f\u00fcr Kfz-Ersatzteile<\/span><b><\/b><\/h3><\/div><!-- .section-title -->\n\n\n\n  <div class=\"banner has-hover\" id=\"banner-236204511\">\n          <div class=\"banner-inner fill\">\n        <div class=\"banner-bg fill\" >\n            <div class=\"bg fill bg-fill \"><\/div>\n                                    \n                    <\/div><!-- bg-layers -->\n        <div class=\"banner-layers container\">\n            <div class=\"fill banner-link\"><\/div>            \n        <\/div><!-- .banner-layers -->\n      <\/div><!-- .banner-inner -->\n\n            \n<style scope=\"scope\">\n\n#banner-236204511 {\n  padding-top: 300px;\n}\n#banner-236204511 .bg.bg-loaded {\n  background-image: url(https:\/\/www.logistikpark.de\/cms\/wp-content\/uploads\/2021\/01\/LogistikparkStollberg-1024x538.jpg);\n}\n<\/style>\n  <\/div><!-- .banner -->\n\n\n\t<section class=\"section\" id=\"section_858736866\">\n\t\t<div class=\"bg section-bg fill bg-fill  bg-loaded\" >\n\n\t\t\t\n\t\t\t<div class=\"section-bg-overlay absolute fill\"><\/div>\n\t\t\t\n\n\t\t<\/div><!-- .section-bg -->\n\n\t\t<div class=\"section-content relative\">\n\t\t\t\n  <div class=\"banner-grid-wrapper\">\n  <div id=\"banner-grid-1645399246\" class=\"banner-grid row row-grid row-small row-box-shadow-1\" data-packery-options=\"\">\n                      \n<div class=\"col grid-col small-13 large-7 grid-col-1-2\" ><div class=\"col-inner\">\n\n  <div class=\"banner has-hover bg-fade-in\" id=\"banner-1657809136\">\n          <div class=\"banner-inner fill\">\n        <div class=\"banner-bg fill\" >\n            <div class=\"bg fill bg-fill \"><\/div>\n                                    \n                    <\/div><!-- bg-layers -->\n        <div class=\"banner-layers container\">\n            <div class=\"fill banner-link\"><\/div>            \n   <div id=\"text-box-516046870\" class=\"text-box banner-layer x20 md-x20 lg-x20 y95 md-y95 lg-y95 res-text\">\n                     <div data-animate=\"fadeInLeft\">           <div class=\"text dark\">\n              \n              <div class=\"text-inner text-left\">\n                  \n              <\/div>\n           <\/div><!-- text-box-inner -->\n       <\/div>                     \n<style scope=\"scope\">\n\n#text-box-516046870 {\n  width: 90%;\n}\n#text-box-516046870 .text {\n  font-size: 102%;\n}\n\n\n@media (min-width:550px) {\n\n  #text-box-516046870 {\n    width: 34%;\n  }\n\n}\n<\/style>\n    <\/div><!-- text-box -->\n \n   <div id=\"text-box-83460819\" class=\"text-box banner-layer x85 md-x85 lg-x85 y85 md-y85 lg-y85 res-text\">\n                                <div class=\"text dark\">\n              \n              <div class=\"text-inner text-center\">\n                  \n<a rel=\"noopener noreferrer\" href=\"https:\/\/www.logistikpark.de\/cms\/ansprechpartner\/\" target=\"_blank\" class=\"button white is-larger\"  style=\"border-radius:99px;\">\n    <span>Ansprechpartner<\/span>\n  <\/a>\n\n              <\/div>\n           <\/div><!-- text-box-inner -->\n                            \n<style scope=\"scope\">\n\n#text-box-83460819 {\n  width: 35%;\n}\n#text-box-83460819 .text {\n  font-size: 100%;\n}\n<\/style>\n    <\/div><!-- text-box -->\n \n        <\/div><!-- .banner-layers -->\n      <\/div><!-- .banner-inner -->\n\n            \n<style scope=\"scope\">\n\n#banner-1657809136 {\n  padding-top: 500px;\n}\n#banner-1657809136 .bg.bg-loaded {\n  background-image: url(https:\/\/www.logistikpark.de\/cms\/wp-content\/uploads\/2024\/11\/DSCF1890_1-1024x683.jpg);\n}\n#banner-1657809136 .bg {\n  background-position: 57% 27%;\n}\n<\/style>\n  <\/div><!-- .banner -->\n\n\n<\/div><\/div>\n<div class=\"col grid-col small-13 large-5 grid-col-1-2\" ><div class=\"col-inner\">\n\n  <div class=\"banner has-hover bg-fade-out\" id=\"banner-1772600964\">\n          <div class=\"banner-inner fill\">\n        <div class=\"banner-bg fill\" >\n            <div class=\"bg fill bg-fill \"><\/div>\n                                    \n                    <\/div><!-- bg-layers -->\n        <div class=\"banner-layers container\">\n            <div class=\"fill banner-link\"><\/div>            \n   <div id=\"text-box-1077196203\" class=\"text-box banner-layer x50 md-x50 lg-x50 y25 md-y25 lg-y25 res-text\">\n              <div data-parallax=\"1\" data-parallax-fade=\"true\">       <div data-animate=\"fadeInLeft\">           <div class=\"text \">\n              \n              <div class=\"text-inner text-center\">\n                  \n              <\/div>\n           <\/div><!-- text-box-inner -->\n       <\/div>       <\/div>              \n<style scope=\"scope\">\n\n#text-box-1077196203 .text {\n  background-color: rgba(117, 117, 117, 0);\n  border-radius: 108px;\n  font-size: 100%;\n}\n#text-box-1077196203 {\n  width: 60%;\n}\n\n\n@media (min-width:550px) {\n\n  #text-box-1077196203 {\n    width: 80%;\n  }\n\n}\n<\/style>\n    <\/div><!-- text-box -->\n \n   <div id=\"text-box-1996682922\" class=\"text-box banner-layer x50 md-x50 lg-x50 y95 md-y95 lg-y95 res-text\">\n                     <div data-animate=\"fadeInLeft\">           <div class=\"text dark\">\n              \n              <div class=\"text-inner text-center\">\n                  \n<h2 class=\"uppercase\"><span style=\"color: #004c97;\" data-text-color=\"primary\" data-text-bg=\"success\">Brosch\u00fcre<\/span><\/h2>\n<h3><span style=\"color: #004c97;\" data-text-color=\"primary\" data-text-bg=\"success\"><strong>Wir stellen uns vor<\/strong><\/span><\/h3>\n<a rel=\"noopener noreferrer\" href=\"https:\/\/www.logistikpark.de\/cms\/wp-content\/uploads\/2023\/08\/BroschuereLP2023w.pdf\" target=\"_blank\" class=\"button white is-xlarge\"  style=\"border-radius:99px;\">\n    <span>Download<\/span>\n  <i class=\"icon-angle-down\" ><\/i><\/a>\n\n              <\/div>\n           <\/div><!-- text-box-inner -->\n       <\/div>                     \n<style scope=\"scope\">\n\n#text-box-1996682922 .text {\n  background-color: rgba(255, 255, 255, 0);\n  font-size: 100%;\n}\n#text-box-1996682922 {\n  width: 60%;\n}\n\n\n@media (min-width:550px) {\n\n  #text-box-1996682922 {\n    width: 80%;\n  }\n\n}\n<\/style>\n    <\/div><!-- text-box -->\n \n        <\/div><!-- .banner-layers -->\n      <\/div><!-- .banner-inner -->\n\n            \n<style scope=\"scope\">\n\n#banner-1772600964 {\n  padding-top: 500px;\n}\n#banner-1772600964 .bg.bg-loaded {\n  background-image: url(https:\/\/www.logistikpark.de\/cms\/wp-content\/uploads\/2023\/08\/broschuere202308.jpg);\n}\n#banner-1772600964 .bg {\n  background-position: 58% 0%;\n}\n<\/style>\n  <\/div><!-- .banner -->\n\n\n<\/div><\/div>\n<div class=\"col grid-col small-15 large-6 grid-col-1-2\" ><div class=\"col-inner\">\n\n  <div class=\"banner has-hover bg-fade-in\" id=\"banner-1108106386\">\n          <div class=\"banner-inner fill\">\n        <div class=\"banner-bg fill\" >\n            <div class=\"bg fill bg-fill \"><\/div>\n                                    \n                    <\/div><!-- bg-layers -->\n        <div class=\"banner-layers container\">\n            <div class=\"fill banner-link\"><\/div>            \n   <div id=\"text-box-1763629277\" class=\"text-box banner-layer x0 md-x0 lg-x0 y95 md-y95 lg-y95 res-text\">\n                     <div data-animate=\"fadeInLeft\">           <div class=\"text dark\">\n              \n              <div class=\"text-inner text-center\">\n                  \n<h2 style=\"text-align: center;\"><strong>Zubeh\u00f6rshop<br \/><\/strong><\/h2>\n<a href=\"https:\/\/www.logistikpark.de\/auth\/login.html\" target=\"_self\" class=\"button white is-larger\"  style=\"border-radius:99px;\">\n    <span>H\u00e4ndlerlogin<\/span>\n  <i class=\"icon-angle-right\" ><\/i><\/a>\n\n              <\/div>\n           <\/div><!-- text-box-inner -->\n       <\/div>                     \n<style scope=\"scope\">\n\n#text-box-1763629277 {\n  width: 60%;\n}\n#text-box-1763629277 .text {\n  font-size: 120%;\n}\n\n\n@media (min-width:550px) {\n\n  #text-box-1763629277 {\n    width: 100%;\n  }\n\n}\n<\/style>\n    <\/div><!-- text-box -->\n \n        <\/div><!-- .banner-layers -->\n      <\/div><!-- .banner-inner -->\n\n            \n<style scope=\"scope\">\n\n#banner-1108106386 {\n  padding-top: 500px;\n}\n#banner-1108106386 .bg.bg-loaded {\n  background-image: url(https:\/\/www.logistikpark.de\/cms\/wp-content\/uploads\/2021\/09\/Zubeh\u00f6rshop.jpg);\n}\n#banner-1108106386 .bg {\n  background-position: 53% 0%;\n}\n<\/style>\n  <\/div><!-- .banner -->\n\n\n<\/div><\/div>\n<div class=\"col grid-col small-15 large-6 grid-col-1-2\" ><div class=\"col-inner\">\n\n  <div class=\"banner has-hover bg-fade-in\" id=\"banner-1625262175\">\n          <div class=\"banner-inner fill\">\n        <div class=\"banner-bg fill\" >\n            <div class=\"bg fill bg-fill \"><\/div>\n                        <div class=\"overlay\"><\/div>            \n                    <\/div><!-- bg-layers -->\n        <div class=\"banner-layers container\">\n            <div class=\"fill banner-link\"><\/div>            \n   <div id=\"text-box-350154968\" class=\"text-box banner-layer x0 md-x0 lg-x0 y95 md-y95 lg-y95 res-text\">\n                                <div class=\"text dark\">\n              \n              <div class=\"text-inner text-center\">\n                  \n<a rel=\"noopener noreferrer\" href=\"https:\/\/www.logistikpark.de\/cms\/wp-content\/uploads\/2024\/01\/3erNEUcarfitProdukte-web.pdf\" target=\"_blank\" class=\"button white is-larger\"  style=\"border-radius:99px;\">\n    <span>Informationsflyer<\/span>\n  <\/a>\n\n              <\/div>\n           <\/div><!-- text-box-inner -->\n                            \n<style scope=\"scope\">\n\n#text-box-350154968 {\n  width: 51%;\n}\n#text-box-350154968 .text {\n  font-size: 111%;\n}\n<\/style>\n    <\/div><!-- text-box -->\n \n        <\/div><!-- .banner-layers -->\n      <\/div><!-- .banner-inner -->\n\n              <div class=\"height-fix is-invisible\"><img loading=\"lazy\" decoding=\"async\" width=\"1167\" height=\"629\" src=\"https:\/\/www.logistikpark.de\/cms\/wp-content\/uploads\/2024\/01\/Titelbild-Infoflyer.jpg\" class=\"attachment-original size-original\" alt=\"\" srcset=\"https:\/\/www.logistikpark.de\/cms\/wp-content\/uploads\/2024\/01\/Titelbild-Infoflyer.jpg 1167w, https:\/\/www.logistikpark.de\/cms\/wp-content\/uploads\/2024\/01\/Titelbild-Infoflyer-300x162.jpg 300w, https:\/\/www.logistikpark.de\/cms\/wp-content\/uploads\/2024\/01\/Titelbild-Infoflyer-1024x552.jpg 1024w, https:\/\/www.logistikpark.de\/cms\/wp-content\/uploads\/2024\/01\/Titelbild-Infoflyer-768x414.jpg 768w\" sizes=\"auto, (max-width: 1167px) 100vw, 1167px\" title=\"\"><\/div>\n            \n<style scope=\"scope\">\n\n#banner-1625262175 .bg.bg-loaded {\n  background-image: url(https:\/\/www.logistikpark.de\/cms\/wp-content\/uploads\/2024\/01\/Titelbild-Infoflyer.jpg);\n}\n#banner-1625262175 .overlay {\n  background-color: rgba(0, 0, 0, 0.09);\n}\n#banner-1625262175 .bg {\n  background-position: 15% 32%;\n}\n<\/style>\n  <\/div><!-- .banner -->\n\n\n<\/div><\/div>\n            <\/div><!-- .banner-grid .row .grid -->\n    <style scope=\"scope\">\n    #banner-grid-1645399246 .grid-col-1{height: 666px}\n    #banner-grid-1645399246 .grid-col-1-2{height: 333px}\n    #banner-grid-1645399246 .grid-col-1-3{height:222px}\n    #banner-grid-1645399246 .grid-col-2-3{height: 444px}\n    #banner-grid-1645399246 .grid-col-1-4{height: 166.5px}\n    #banner-grid-1645399246 .grid-col-3-4{height: 499.5px}\n\n\n    \n    \n\n  <\/style>\n    <\/div><!-- .banner-grid-wrapper -->\n  \n\n  <div class=\"banner has-hover\" id=\"banner-80191809\">\n          <div class=\"banner-inner fill\">\n        <div class=\"banner-bg fill\" >\n            <div class=\"bg fill bg-fill \"><\/div>\n                        <div class=\"overlay\"><\/div>            \n                    <\/div><!-- bg-layers -->\n        <div class=\"banner-layers container\">\n            <div class=\"fill banner-link\"><\/div>            \n   <div id=\"text-box-223608146\" class=\"text-box banner-layer x50 md-x50 lg-x50 y50 md-y50 lg-y50 res-text\">\n                                <div class=\"text dark\">\n              \n              <div class=\"text-inner text-center\">\n                  \n<h3 class=\"uppercase\"><strong>1001 Schrauben\u00a0<\/strong><\/h3>\n<h3 class=\"uppercase\"><strong> Unser kleinteilebereich<br \/><\/strong><\/h3>\n<p>Mit diesem Video m\u00f6chten wir unseren Kleinteilbereich vorstellen. Darin zeigen wir, wie Ihre Bestellungen f\u00fcr Sie Versandfertig gemacht werden.<\/p>\n<h4><a href=\"https:\/\/www.youtube.com\/watch?v=dvzDzVnfMoI\" target=\"_blank\" rel=\"noopener nofollow\">Video jetzt auf Youtube anschauen<\/a><\/h4>\n              <\/div>\n           <\/div><!-- text-box-inner -->\n                            \n<style scope=\"scope\">\n\n#text-box-223608146 {\n  width: 60%;\n}\n#text-box-223608146 .text {\n  font-size: 100%;\n}\n<\/style>\n    <\/div><!-- text-box -->\n \n        <\/div><!-- .banner-layers -->\n      <\/div><!-- .banner-inner -->\n\n            \n<style scope=\"scope\">\n\n#banner-80191809 {\n  padding-top: 300px;\n  background-color: rgba(0, 0, 0, 0.65);\n}\n#banner-80191809 .bg.bg-loaded {\n  background-image: url(https:\/\/www.logistikpark.de\/cms\/wp-content\/uploads\/2022\/03\/kleinteilelager-1-1024x575.jpg);\n}\n#banner-80191809 .overlay {\n  background-color: rgba(0, 0, 0, 0.45);\n}\n<\/style>\n  <\/div><!-- .banner -->\n\n\n\t\t<\/div><!-- .section-content -->\n\n\t\t\n<style scope=\"scope\">\n\n#section_858736866 {\n  padding-top: 30px;\n  padding-bottom: 30px;\n  background-color: rgb(255, 255, 255);\n}\n#section_858736866 .section-bg-overlay {\n  background-color: rgba(255, 255, 255, 0.62);\n}\n<\/style>\n\t<\/section>\n\t\n\n  <div class=\"banner has-hover\" id=\"banner-1924495315\">\n          <div class=\"banner-inner fill\">\n        <div class=\"banner-bg fill\" >\n            <div class=\"bg fill bg-fill \"><\/div>\n                        <div class=\"overlay\"><\/div>            \n                    <\/div><!-- bg-layers -->\n        <div class=\"banner-layers container\">\n            <div class=\"fill banner-link\"><\/div>            \n   <div id=\"text-box-482164099\" class=\"text-box banner-layer x50 md-x50 lg-x50 y50 md-y50 lg-y50 res-text\">\n                                <div class=\"text dark\">\n              \n              <div class=\"text-inner text-center\">\n                  \n<h3 class=\"uppercase\"><strong>Werden Sie Kunde<\/strong><\/h3>\n<p class=\"lead\">Melden Sie sich auf unserer Plattform an und profitieren Sie von unseren Angeboten<\/p>\n<a href=\"https:\/\/www.logistikpark.de\/register\" target=\"_self\" class=\"button white\" style=\"border-radius:99px;\">\n    <span>Jetzt registrieren<\/span>\n  <\/a>\n\n              <\/div>\n           <\/div><!-- text-box-inner -->\n                            \n<style scope=\"scope\">\n\n#text-box-482164099 {\n  width: 60%;\n}\n#text-box-482164099 .text {\n  font-size: 100%;\n}\n\n\n@media (min-width:550px) {\n\n  #text-box-482164099 {\n    width: 40%;\n  }\n\n}\n<\/style>\n    <\/div><!-- text-box -->\n \n        <\/div><!-- .banner-layers -->\n      <\/div><!-- .banner-inner -->\n\n            \n<style scope=\"scope\">\n\n#banner-1924495315 {\n  padding-top: 318px;\n  background-color: rgb(80, 80, 80);\n}\n#banner-1924495315 .bg.bg-loaded {\n  background-image: url(https:\/\/www.logistikpark.de\/cms\/wp-content\/uploads\/2020\/03\/newsletter.jpg);\n}\n#banner-1924495315 .overlay {\n  background-color: rgba(0, 0, 0, 0.49);\n}\n#banner-1924495315 .bg {\n  background-position: 2% 78%;\n}\n<\/style>\n  <\/div><!-- .banner -->\n\n\n\t<section class=\"section\" id=\"section_1630613049\">\n\t\t<div class=\"bg section-bg fill bg-fill  bg-loaded\" >\n\n\t\t\t\n\t\t\t\n\t\t\t\n\t<div class=\"is-border\"\n\t\tstyle=\"border-color:rgba(0, 0, 0, 0.05);border-width:1px 0px 0px 0px;\">\n\t<\/div>\n\n\t\t<\/div><!-- .section-bg -->\n\n\t\t<div class=\"section-content relative\">\n\t\t\t\n<div class=\"container section-title-container\" ><h3 class=\"section-title section-title-center\"><b><\/b><span class=\"section-title-main\" >Unser Service f\u00fcr Sie<\/span><b><\/b><\/h3><\/div><!-- .section-title -->\n<div class=\"row\"  id=\"row-1074361296\">\n<div class=\"col medium-4 small-12 large-4\"  ><div class=\"col-inner\"  >\n\n\t\t<div class=\"icon-box featured-box icon-box-left text-left\"  style=\"margin:px px px px;\">\n\t\t\t\t\t<div class=\"icon-box-img has-icon-bg\" style=\"width: 42px\">\n\t\t\t\t<div class=\"icon\">\n\t\t\t\t\t<div class=\"icon-inner\" style=\"border-width:2px;\">\n\t\t\t\t\t\t\t\t\t\t\t<\/div>\n\t\t\t\t<\/div>\n\t\t\t<\/div>\n\t\t\t\t<div class=\"icon-box-text last-reset\">\n\t\t\t\t\t\t\t\t\t\n<h3>Verf\u00fcgbarkeit<\/h3>\n<p>Hohe Teileverf\u00fcgbarkeit mit \u00fcber 70.000 Artikeln auf 20.000m\u00b2<\/p>\n\t\t<\/div>\n\t<\/div><!-- .icon-box -->\n\t\n\t\n<\/div><\/div>\n<div class=\"col medium-4 small-12 large-4\"  ><div class=\"col-inner\"  >\n\n\t\t<div class=\"icon-box featured-box icon-box-left text-left\"  style=\"margin:px px px px;\">\n\t\t\t\t\t<div class=\"icon-box-img has-icon-bg\" style=\"width: 42px\">\n\t\t\t\t<div class=\"icon\">\n\t\t\t\t\t<div class=\"icon-inner\" style=\"border-width:2px;\">\n\t\t\t\t\t\t\t\t\t\t\t<\/div>\n\t\t\t\t<\/div>\n\t\t\t<\/div>\n\t\t\t\t<div class=\"icon-box-text last-reset\">\n\t\t\t\t\t\t\t\t\t\n<h3>Telefonhotline<\/h3>\n<p>Individuelle Betreuung durch die Telefon-Hotline: 037296 960 100<\/p>\n\t\t<\/div>\n\t<\/div><!-- .icon-box -->\n\t\n\t\n<\/div><\/div>\n<div class=\"col medium-4 small-12 large-4\"  ><div class=\"col-inner\"  >\n\n\t\t<div class=\"icon-box featured-box icon-box-left text-left\"  style=\"margin:px px px px;\">\n\t\t\t\t\t<div class=\"icon-box-img has-icon-bg\" style=\"width: 42px\">\n\t\t\t\t<div class=\"icon\">\n\t\t\t\t\t<div class=\"icon-inner\" style=\"border-width:2px;\">\n\t\t\t\t\t\t\t\t\t\t\t<\/div>\n\t\t\t\t<\/div>\n\t\t\t<\/div>\n\t\t\t\t<div class=\"icon-box-text last-reset\">\n\t\t\t\t\t\t\t\t\t\n<h3>Vor-Ort-Betreuung<\/h3>\n<p>Unser Au\u00dfendienst ber\u00e4t Sie bei Ihnen im Haus.<\/p>\n\t\t<\/div>\n\t<\/div><!-- .icon-box -->\n\t\n\t\n<\/div><\/div>\n<\/div>\n<div class=\"row\"  id=\"row-1639869330\">\n<div class=\"col medium-4 small-12 large-4\"  ><div class=\"col-inner\"  >\n\n\t\t<div class=\"icon-box featured-box icon-box-left text-left\"  style=\"margin:px px px px;\">\n\t\t\t\t\t<div class=\"icon-box-img has-icon-bg\" style=\"width: 42px\">\n\t\t\t\t<div class=\"icon\">\n\t\t\t\t\t<div class=\"icon-inner\" style=\"border-width:2px;\">\n\t\t\t\t\t\t\t\t\t\t\t<\/div>\n\t\t\t\t<\/div>\n\t\t\t<\/div>\n\t\t\t\t<div class=\"icon-box-text last-reset\">\n\t\t\t\t\t\t\t\t\t\n<h3>\u00dcberbestandsabbau<\/h3>\n<p>Unterst\u00fctzung beim Abbau ihres \u00dcberbestandes \u00fcber unsere Webseite<\/p>\n\t\t<\/div>\n\t<\/div><!-- .icon-box -->\n\t\n\t\n<\/div><\/div>\n<div class=\"col medium-4 small-12 large-4\"  ><div class=\"col-inner\"  >\n\n\t\t<div class=\"icon-box featured-box icon-box-left text-left\"  style=\"margin:px px px px;\">\n\t\t\t\t\t<div class=\"icon-box-img has-icon-bg\" style=\"width: 42px\">\n\t\t\t\t<div class=\"icon\">\n\t\t\t\t\t<div class=\"icon-inner\" style=\"border-width:2px;\">\n\t\t\t\t\t\t\t\t\t\t\t<\/div>\n\t\t\t\t<\/div>\n\t\t\t<\/div>\n\t\t\t\t<div class=\"icon-box-text last-reset\">\n\t\t\t\t\t\t\t\t\t\n<h3>Mehrmarken-Infosystem<\/h3>\n<p>Mehrmarken- Informationssystem mit Bestellfunktion<\/p>\n\t\t<\/div>\n\t<\/div><!-- .icon-box -->\n\t\n\t\n<\/div><\/div>\n<div class=\"col medium-4 small-12 large-4\"  ><div class=\"col-inner\"  >\n\n\t\t<div class=\"icon-box featured-box icon-box-left text-left\"  style=\"margin:px px px px;\">\n\t\t\t\t\t<div class=\"icon-box-img has-icon-bg\" style=\"width: 42px\">\n\t\t\t\t<div class=\"icon\">\n\t\t\t\t\t<div class=\"icon-inner\" style=\"border-width:2px;\">\n\t\t\t\t\t\t\t\t\t\t\t<\/div>\n\t\t\t\t<\/div>\n\t\t\t<\/div>\n\t\t\t\t<div class=\"icon-box-text last-reset\">\n\t\t\t\t\t\t\t\t\t\n<h3>Gutachten<\/h3>\n<p>Bearbeitung und Pr\u00fcfung von Gutachten<\/p>\n\t\t<\/div>\n\t<\/div><!-- .icon-box -->\n\t\n\t\n<\/div><\/div>\n<\/div>\n<div class=\"row\"  id=\"row-72735375\">\n<div class=\"col medium-4 small-12 large-4\"  ><div class=\"col-inner\"  >\n\n\t\t<div class=\"icon-box featured-box icon-box-left text-left\"  style=\"margin:px px px px;\">\n\t\t\t\t\t<div class=\"icon-box-img has-icon-bg\" style=\"width: 42px\">\n\t\t\t\t<div class=\"icon\">\n\t\t\t\t\t<div class=\"icon-inner\" style=\"border-width:2px;\">\n\t\t\t\t\t\t\t\t\t\t\t<\/div>\n\t\t\t\t<\/div>\n\t\t\t<\/div>\n\t\t\t\t<div class=\"icon-box-text last-reset\">\n\t\t\t\t\t\t\t\t\t\n<h3>Reifen und R\u00e4der<\/h3>\n<p>Permanente Reifen- und Komplettradangebote<\/p>\n\t\t<\/div>\n\t<\/div><!-- .icon-box -->\n\t\n\t\n<\/div><\/div>\n<div class=\"col medium-4 small-12 large-4\"  ><div class=\"col-inner\"  >\n\n\t\t<div class=\"icon-box featured-box icon-box-left text-left\"  style=\"margin:px px px px;\">\n\t\t\t\t\t<div class=\"icon-box-img has-icon-bg\" style=\"width: 42px\">\n\t\t\t\t<div class=\"icon\">\n\t\t\t\t\t<div class=\"icon-inner\" style=\"border-width:2px;\">\n\t\t\t\t\t\t\t\t\t\t\t<\/div>\n\t\t\t\t<\/div>\n\t\t\t<\/div>\n\t\t\t\t<div class=\"icon-box-text last-reset\">\n\t\t\t\t\t\t\t\t\t\n<h3>Zubeh\u00f6r<\/h3>\n<p>Chemieprodukte f\u00fcr den Werkstattgebrauch, Motor\u00f6l<\/p>\n\t\t<\/div>\n\t<\/div><!-- .icon-box -->\n\t\n\t\n<\/div><\/div>\n<div class=\"col medium-4 small-12 large-4\"  ><div class=\"col-inner\"  >\n\n\t\t<div class=\"icon-box featured-box icon-box-left text-left\"  style=\"margin:px px px px;\">\n\t\t\t\t\t<div class=\"icon-box-img has-icon-bg\" style=\"width: 42px\">\n\t\t\t\t<div class=\"icon\">\n\t\t\t\t\t<div class=\"icon-inner\" style=\"border-width:2px;\">\n\t\t\t\t\t\t\t\t\t\t\t<\/div>\n\t\t\t\t<\/div>\n\t\t\t<\/div>\n\t\t\t\t<div class=\"icon-box-text last-reset\">\n\t\t\t\t\t\t\t\t\t\n<h3>EUROREPAR<\/h3>\n<p>Sortimentserweiterung von 17.000 Mehrmarken-Ersatzteilen<\/p>\n\t\t<\/div>\n\t<\/div><!-- .icon-box -->\n\t\n\t\n<\/div><\/div>\n<\/div>\n\t\t<\/div><!-- .section-content -->\n\n\t\t\n<style scope=\"scope\">\n\n#section_1630613049 {\n  padding-top: 30px;\n  padding-bottom: 30px;\n  background-color: rgb(246, 246, 246);\n}\n<\/style>\n\t<\/section>\n\t\n<p><!-- livezilla.net PLACE SOMEWHERE IN BODY --> <script type=\"text\/javascript\" id=\"0c1974b548f16f787c3d9fa087ebd333\" src=\"\/\/autohaus.chat\/stollberg\/script.php?id=0c1974b548f16f787c3d9fa087ebd333\" defer><\/script> <!-- livezilla.net PLACE SOMEWHERE IN BODY --><\/p>\n","protected":false},"excerpt":{"rendered":"","protected":false},"author":2,"featured_media":737,"parent":0,"menu_order":0,"comment_status":"closed","ping_status":"closed","template":"page-blank.php","meta":{"footnotes":""},"class_list":["post-59","page","type-page","status-publish","has-post-thumbnail","hentry"],"_links":{"self":[{"href":"https:\/\/www.logistikpark.de\/cms\/wp-json\/wp\/v2\/pages\/59","targetHints":{"allow":["GET"]}}],"collection":[{"href":"https:\/\/www.logistikpark.de\/cms\/wp-json\/wp\/v2\/pages"}],"about":[{"href":"https:\/\/www.logistikpark.de\/cms\/wp-json\/wp\/v2\/types\/page"}],"author":[{"embeddable":true,"href":"https:\/\/www.logistikpark.de\/cms\/wp-json\/wp\/v2\/users\/2"}],"replies":[{"embeddable":true,"href":"https:\/\/www.logistikpark.de\/cms\/wp-json\/wp\/v2\/comments?post=59"}],"version-history":[{"count":267,"href":"https:\/\/www.logistikpark.de\/cms\/wp-json\/wp\/v2\/pages\/59\/revisions"}],"predecessor-version":[{"id":2905,"href":"https:\/\/www.logistikpark.de\/cms\/wp-json\/wp\/v2\/pages\/59\/revisions\/2905"}],"wp:featuredmedia":[{"embeddable":true,"href":"https:\/\/www.logistikpark.de\/cms\/wp-json\/wp\/v2\/media\/737"}],"wp:attachment":[{"href":"https:\/\/www.logistikpark.de\/cms\/wp-json\/wp\/v2\/media?parent=59"}],"curies":[{"name":"wp","href":"https:\/\/api.w.org\/{rel}","templated":true}]}}