{"id":497,"date":"2020-03-12T13:20:37","date_gmt":"2020-03-12T12:20:37","guid":{"rendered":"https:\/\/dev.carfit.simplytech.de\/cms\/?page_id=497"},"modified":"2025-11-06T10:01:53","modified_gmt":"2025-11-06T09:01:53","slug":"agb","status":"publish","type":"page","link":"https:\/\/www.logistikpark.de\/cms\/agb\/","title":{"rendered":"AGB &#8211; November 2025"},"content":{"rendered":"\n\t<section class=\"section\" id=\"section_1204123567\">\n\t\t<div class=\"bg section-bg fill bg-fill  bg-loaded\" >\n\n\t\t\t\n\t\t\t\n\t\t\t\n\n\t\t<\/div><!-- .section-bg -->\n\n\t\t<div class=\"section-content relative\">\n\t\t\t\n\n<div class=\"container section-title-container\" ><h3 class=\"section-title section-title-center\"><b><\/b><span class=\"section-title-main\" >AGB<\/span><b><\/b><\/h3><\/div><!-- .section-title -->\n\n\t<div class=\"img has-hover x md-x lg-x y md-y lg-y\" id=\"image_1770357602\">\n\t\t\t\t\t\t\t\t<div class=\"img-inner dark\" >\n\t\t\t<img loading=\"lazy\" decoding=\"async\" width=\"1020\" height=\"565\" src=\"https:\/\/www.logistikpark.de\/cms\/wp-content\/uploads\/2025\/11\/AGB_shutterstock_654631534-scaled-e1762419613752-1024x567.jpg\" class=\"attachment-large size-large\" alt=\"\" srcset=\"https:\/\/www.logistikpark.de\/cms\/wp-content\/uploads\/2025\/11\/AGB_shutterstock_654631534-scaled-e1762419613752-1024x567.jpg 1024w, https:\/\/www.logistikpark.de\/cms\/wp-content\/uploads\/2025\/11\/AGB_shutterstock_654631534-scaled-e1762419613752-300x166.jpg 300w, https:\/\/www.logistikpark.de\/cms\/wp-content\/uploads\/2025\/11\/AGB_shutterstock_654631534-scaled-e1762419613752-768x425.jpg 768w, https:\/\/www.logistikpark.de\/cms\/wp-content\/uploads\/2025\/11\/AGB_shutterstock_654631534-scaled-e1762419613752-1536x850.jpg 1536w, https:\/\/www.logistikpark.de\/cms\/wp-content\/uploads\/2025\/11\/AGB_shutterstock_654631534-scaled-e1762419613752-2048x1134.jpg 2048w\" sizes=\"auto, (max-width: 1020px) 100vw, 1020px\" title=\"\">\t\t\t\t\t\t\n\t\t\t\t\t<\/div>\n\t\t\t\t\t\t\t\t\n<style scope=\"scope\">\n\n#image_1770357602 {\n  width: 100%;\n}\n<\/style>\n\t<\/div>\n\t\n\n\t<div id=\"gap-1547418476\" class=\"gap-element clearfix\" style=\"display:block; height:auto;\">\n\t\t\n<style scope=\"scope\">\n\n#gap-1547418476 {\n  padding-top: 60px;\n}\n<\/style>\n\t<\/div>\n\t\n\n<div class=\"container section-title-container\" ><h3 class=\"section-title section-title-center\"><b><\/b><span class=\"section-title-main\" >Gesch\u00e4fts-, Verkaufs- und Lieferbedingungen<\/span><b><\/b><\/h3><\/div><!-- .section-title -->\n\n<h2>AGB &#8211; Stand: November 2025<\/h2>\n<h2><strong style=\"font-size: 14.4px;\">I. Allgemeines<\/strong><\/h2>\n<ol>\n<li>Allen Vertragsabschl\u00fcssen mit uns liegen die nachfolgenden Bedingungen zugrunde. Sie sind rechtverbindlicher Vertragsbestandteil f\u00fcr unseren gesamten Gesch\u00e4ftsverkehr und werden mit Auftragserteilung vom K\u00e4ufer als bindend anerkannt.<\/li>\n<li>Abweichende oder entgegenstehende Gesch\u00e4ftsbedingungen des Kunden werden von uns nicht anerkannt, sofern wir diesen nicht ausdr\u00fccklich schriftlich zugestimmt haben. Dieses Zustimmungserfordernis gilt in jedem Fall, beispielsweise auch dann, wenn der Kunde im Rahmen der Bestellung auf seine AGB verweist und wir dem nicht ausdr\u00fccklich widersprechen.<\/li>\n<\/ol>\n<p><strong>\u00a0<\/strong><\/p>\n<p><strong>II<\/strong>. <strong>Unternehmereigenschaft Kunden<\/strong><\/p>\n<ol>\n<li>Wir verkaufen ausschlie\u00dflich an Unternehmer im Sinne des \u00a7 14 BGB, d.h. nat\u00fcrliche oder juristische Personen oder rechtsf\u00e4hige Personengesellschaften, die bei Abschluss des Gesch\u00e4fts in Aus\u00fcbung ihrer gewerblichen oder selbst\u00e4ndigen beruflichen T\u00e4tigkeit handeln. Ein Verkauf an Endkunden (B2C) ist ausgeschlossen.<\/li>\n<li>Mit der Anmeldung im Webshop und \/ oder Auftragserteilung best\u00e4tigt der K\u00e4ufer, Unternehmer zu sein und in Aus\u00fcbung seiner gewerblichen oder selbst\u00e4ndigen T\u00e4tigkeit zu handeln.<\/li>\n<li>Auf Verlangen hin ist der K\u00e4ufer verpflichtet, dies durch Vorlage der Eintragung in Handelsregister, Angabe der USt-ID-Nummer, Vorlage der Gewerbeanmeldung oder sonstiger geeigneter Unterlagen nachzuweisen.<\/li>\n<\/ol>\n<p>\u00a0<\/p>\n<p><strong>III. <\/strong><strong>Registrierung Kunden<\/strong><\/p>\n<ol>\n<li>Der Kunde kann auf unserer Webseite bzw. in unserem Webshop die Registrierung als Kunde anfragen. Eine Registrierung ist nur f\u00fcr Unternehmer m\u00f6glich. F\u00fcr die Registrierungsanfrage sind verschiedene Unternehmensangaben erforderlich, insbesondere die UST-ID-Nummer sowie die Steuernummer und Gewerbeanmeldung.<\/li>\n<li>Mit der Registrierung erh\u00e4lt der Kunde einen pers\u00f6nlichen Benutzernamen und ein Passwort. Der Kunde ist verpflichtet, das Passwort geheim zu halten und dieses Dritten, d.h. Personen au\u00dferhalb seines Unternehmens oder Personen in seinem Unternehmen, die keine Vertretungsberechtigung haben, keinesfalls mitzuteilen.<\/li>\n<li>Registrierte Kunden sind selbst f\u00fcr die Aktualisierung ihrer pers\u00f6nlichen Daten verantwortlich.<\/li>\n<li>Allein mit der Registrierung besteht keinerlei Kaufverpflichtung hinsichtlich der von uns angebotenen Waren.<\/li>\n<\/ol>\n<p><strong>\u00a0<\/strong><\/p>\n<p><strong>\u00a0IV. <\/strong><strong style=\"font-size: 14.4px;\">Angebot und Vertragsabschluss<\/strong><\/p>\n<ol>\n<li>Unsere Angebote verstehen sich stets freibleibend. Bezugnahmen auf Angaben und Abbildungen in Katalogen und Preislisten dienen nur der Veranschaulichung und verpflichten uns nicht zur bild- oder ma\u00dfgetreuer Belieferung.<\/li>\n<li>Die Verf\u00fcgbarkeits-Anzeige der Ersatzteilmengen soll lediglich einen Anhaltspunkt bieten. Aus technischen Gr\u00fcnden ist eine st\u00e4ndige Aktualit\u00e4t nicht gew\u00e4hrleistet, so dass die Anzeige unverbindlich ist.<\/li>\n<li>Der Kunde gibt mit Aufgabe der Bestellung per E-Mail, Fax oder Telefon bzw. mit Absendung der Online-Bestellung ein verbindliches Angebot auf den Abschluss eines Kaufvertrages ab.<\/li>\n<li>Soweit der Kunde eine Bestelleingangsbest\u00e4tigung erh\u00e4lt, stellt diese keine Annahme des Angebotes dar, sondern best\u00e4tigt lediglich den Eingang des Bestellangebotes. Der Vertrag kommt zustande, wenn wir die Annahme der verbindlichen Bestellung des jeweiligen Kaufgegenstandes nicht innerhalb von 10 Tagen ab Datum der Bestellung ablehnen. Die Bestellung gilt als angenommen bei vorheriger Lieferung bzw. Versendung des Kaufgegenstandes oder expliziter Annahme des Angebots durch uns.<\/li>\n<li>Zusicherungen, m\u00fcndliche Nebenabreden und \u00c4nderungen des Vertrages bed\u00fcrfen der Schriftform.<\/li>\n<li>Werden nach Vertragsabschluss Umst\u00e4nde bekannt, die eine ordnungsgem\u00e4\u00dfe Abwicklung des Auftrags nicht gesichert erscheinen lassen, sind wir berechtigt, Lieferungen einzustellen, vom Vertrage nach Fristsetzung ganz oder teilweise zur\u00fcckzutreten oder Sicherheit zu verlangen.<\/li>\n<\/ol>\n<p>\u00a0<\/p>\n<p><strong>V. Lieferung, Lieferverz\u00f6gerung und Abnahme <\/strong><\/p>\n<ol>\n<li>H\u00f6here Gewalt, Aufruhr, Streik, Aussperrung, unverschuldete erhebliche Betriebsst\u00f6rung, beh\u00f6rdliche Anordnungen und unvorhersehbare Ereignisse entbinden uns von der Einhaltung vereinbarter Liefertermine f\u00fcr die Dauer der durch diese Umst\u00e4nde bedingte Leistungsst\u00f6rung.<\/li>\n<li>Bei allen Auftr\u00e4gen sind wir berechtigt Teillieferungen vorzunehmen und zu berechnen, die jeweils bei F\u00e4lligkeit der einzelnen Rechnungen zu bezahlen sind. Bei Lieferzeit\u00fcberschreitung steht dem K\u00e4ufer ein Anspruch auf Schadensersatz nicht zu.<\/li>\n<li>Die Gefahr geht mit Verlassen der Ware unseres Lagers auf den K\u00e4ufer \u00fcber, und zwar auch dann, wenn Teillieferungen erfolgen. Bei Abnahmeverzug lagert die Ware auf Gefahr des K\u00e4ufers.<\/li>\n<li>Lieferungen erfolgen stets unfrei ab Lager, sofern von den Parteien nichts Anderes vereinbart wird.<\/li>\n<li>Der K\u00e4ufer verpflichtet sich bei Beauftragung einer Warenanlieferung, uns oder einem von uns beauftragten Unternehmen einen Zugang zu einem verschlie\u00dfbaren Nachtdepot zu gew\u00e4hren. Wird dies nicht gew\u00e4hrt so lehnen wir jegliche Anspr\u00fcche auf Zustand oder Vollst\u00e4ndigkeit der Warensendung ab.<\/li>\n<li>Verweigert der K\u00e4ufer grundlos die Abnahme des Liefergegenstandes, so k\u00f6nnen wir schriftlich eine Nachfrist von 8 Tagen setzen mit der Erkl\u00e4rung, dass wir nach Ablauf dieser Frist eine Abnahme ablehnen. Nach erfolglosem Ablauf der Nachfrist, sind wir berechtigt, durch schriftliche Erkl\u00e4rung vom Kaufvertrag zur\u00fcckzutreten oder Schadensersatz wegen Nichterf\u00fcllung zu verlangen. Der Setzung einer Nachfrist bedarf es nicht, wenn der K\u00e4ufer die Abnahme ernsthaft und endg\u00fcltig verweigert. Verlangen wir Schadensersatz, so betr\u00e4gt dieser 15% des jeweiligen Kaufpreises. Der Schadensbetrag ist h\u00f6her oder niedriger anzusetzen, wenn wir einen h\u00f6heren, der K\u00e4ufer einen geringeren Schaden nachweist.\u00a0<\/li>\n<\/ol>\n<p>\u00a0<\/p>\n<p><strong>VI. Preise, Zahlungsbedingungen, Verzug und Aufrechnung\/Zur\u00fcckbehaltung<\/strong><\/p>\n<ol>\n<li>Alle Preise verstehen sich netto ab Lager zzgl. gesetzlicher Mehrwertsteuer.<\/li>\n<li>Soweit im Einzelfall zus\u00e4tzliche Verpackungs- und\/oder Versandkosten f\u00fcr die Lieferung\/Versendung anfallen sollten, werden wir Sie hier\u00fcber unverz\u00fcglich informieren.<\/li>\n<li>Die Zahlung ist durch Neukunden sofort ab Erhalt der Rechnung und Lieferung bzw. Abnahme der Ware ohne Abzug zu leisten. Der Zahlungseingang muss sp\u00e4testens am 3. Werktag nach Rechnungserhalt erfolgen. Bei Kunden, die bereits 3-mal Zahlungen fristgerecht gem\u00e4\u00df Satz 1 geleistet haben, hat die Zahlung bis auf Widerruf innerhalb von 14 Tagen ohne Abzug zu erfolgen, sofern von den Parteien nichts Anderes vereinbart wird. Ist mit dem K\u00e4ufer Zahlung im Lastschriftverfahren vereinbart, so gelten bank\u00fcbliche Bedingungen, auf die an dieser Stelle verwiesen wird.<\/li>\n<li>Wir sind im Rahmen einer laufenden Gesch\u00e4ftsbeziehung jederzeit berechtigt, eine Lieferung ganz oder teilweise nur gegen Vorkasse durchzuf\u00fchren.<\/li>\n<li>Vertreter oder sonstige Personen sind nicht inkassoberechtigt. Zahlungen an diese Personen befreien insofern nicht von der Zahlungsverpflichtung gegen\u00fcber uns.<\/li>\n<li>Kommt ein K\u00e4ufer in Zahlungsverzug oder wird nach Abschluss des Liefervertrags bekannt, dass die Verm\u00f6gensverh\u00e4ltnisse des K\u00e4ufers ung\u00fcnstig sind oder sich verschlechtern, so werden alle offenen Forderungen, auch solche, die gestundet werden, sofort f\u00e4llig. Wir sind in diesem Falle, ohne dass dem K\u00e4ufer deswegen ein R\u00fccktrittsrecht zusteht, ohne weiteres berechtigt, die sofortige Bezahlung aller offenen Rechnungen oder die Herausgabe der gelieferten Waren zu verlangen. Im Exportgesch\u00e4ft hat die Bezahlung stets netto ohne Abzug zu erfolgen.<\/li>\n<li>Bei Ziel\u00fcberschreitung ist der Zahlungsbetrag mit dem jeweils geltenden gesetzlichen Verzugszinssatz (Stand 01.07.2025: 9 Prozentpunkte \u00fcber dem Basiszinssatz) zu verzinsen. Die Geltendmachung eines weitergehenden Verzugsschadens behalten wir uns vor.<\/li>\n<li>Kommt der K\u00e4ufer mit der Zahlung &#8211; bei Vereinbarung von Teilzahlung mit zwei aufeinanderfolgenden Raten &#8211; in Verzug, so k\u00f6nnen wir unbeschadet weiterer Rechte, insbesondere der Verwertung nach IX Ziffer 3 und 4, dem K\u00e4ufer schriftlich eine Nachfrist von 14 Tagen setzen mit der Erkl\u00e4rung, dass wir nach Ablauf dieser Frist die Erf\u00fcllung des Vertrages durch den K\u00e4ufer ablehnen. Nach erfolglosem Ablauf der Nachfrist sind wir berechtigt durch schriftliche Erkl\u00e4rung vom Vertrag zur\u00fcckzutreten oder Schadensersatz wegen Nichterf\u00fcllung zu verlangen. W\u00e4hlen wir Schadensersatz wegen Nichterf\u00fcllung, so betr\u00e4gt dieser 15% des jeweiligen Kaufpreises. Der Schadensbetrag ist h\u00f6her oder niedriger anzusetzen, wenn wir einen h\u00f6heren, der K\u00e4ufer einen geringeren Schaden nachweist.<\/li>\n<li>Dem Kunden stehen Aufrechnungs- oder Zur\u00fcckbehaltungsrechte nur insoweit zu, als sein Anspruch rechtskr\u00e4ftig festgestellt oder unbestritten ist.<\/li>\n<\/ol>\n<p>\u00a0<\/p>\n<p><strong>VII. Gew\u00e4hrleistung <\/strong><\/p>\n<ol>\n<li>Ist der Liefergegenstand nachweislich mangelhaft oder fehlen ihm zugesicherte Eigenschaften, liefern wir unter Ausschluss sonstiger Gew\u00e4hrleistungsanspr\u00fcche des K\u00e4ufers Ersatz. Ist zur \u00dcberpr\u00fcfung der Mangelhaftigkeit die Einsendung an den Hersteller erforderlich, so erfolgt die Neulieferung unter dem Vorbehalt, dass die Mangelhaftigkeit des Liefergegenstandes vom Hersteller best\u00e4tigt wird. Die Nachlieferung erfolgt in einem solchen Fall nur gegen Rechnungsstellung.<\/li>\n<li>Alle dar\u00fcber hinaus gehenden Anspr\u00fcche, die mit der Lieferung des Vertragsgegenstandes oder der Abwicklung des Vertrages in unmittelbarem oder mittelbarem Zusammenhang stehen, insbesondere auch etwaige Schadenersatzanspr\u00fcche und Folgesch\u00e4den gleich welcher Art, sind ausgeschlossen, sofern die Sch\u00e4den nicht von uns vors\u00e4tzlich oder grob fahrl\u00e4ssig herbeigef\u00fchrt worden sind.<\/li>\n<li>Voraussetzung f\u00fcr jegliche Gew\u00e4hrleistungsrechte ist, dass der Kunde alle nach \u00a7\u2005377 HGB geschuldeten Untersuchungs- und R\u00fcgeobliegenheiten ordnungsgem\u00e4\u00df erf\u00fcllt. Der Kunde ist verpflichtet, die Ware sofort nach Erhalt auf Vollst\u00e4ndigkeit und Sch\u00e4den zu pr\u00fcfen und etwaige M\u00e4ngel unverz\u00fcglich schriftlich zu melden. M\u00e4ngel m\u00fcssen uns am Tag der Nachtanlieferung bis sp\u00e4testens 11 Uhr und bei Taganlieferung bis sp\u00e4testens 15 Uhr schriftlich mitgeteilt werden. Erfolgt die Anlieferung Samstag oder an einem Feiertag, so ist die Anzeige am n\u00e4chsten Werktag bis sp\u00e4testens 11 Uhr mitzuteilen. Ein Versto\u00df gegen vorstehende Verpflichtung schlie\u00dft jegliche Gew\u00e4hrleistungsanspr\u00fcche uns gegen\u00fcber aus.<\/li>\n<\/ol>\n<ol start=\"4\">\n<li>Bei einer zum Einbau, zur Anbringung oder Installation bestimmten Ware gilt der Ausschluss der Gew\u00e4hrleistung auch dann, wenn der Mangel infolge der Verletzung der Untersuchungs- und R\u00fcgeobliegenheiten erst nach der entsprechenden Verarbeitung offenbar wurde; in diesem Fall bestehen insbesondere keine Anspr\u00fcche des Kunden auf Ersatz entsprechender Kosten (&#8222;Aus- und Einbaukosten&#8220;).<\/li>\n<li>Bei Waren mit digitalen Elementen oder sonstigen digitalen Inhalten schulden wir eine Bereitstellung und ggf. eine Aktualisierung der digitalen Inhalte nur, soweit sich dies ausdr\u00fccklich aus einer Beschaffenheitsvereinbarung ergibt. F\u00fcr \u00f6ffentliche \u00c4u\u00dferungen des Herstellers und sonstiger Dritter \u00fcbernehmen wir insoweit keine Haftung.<\/li>\n<li>Bei allen Einsendungen oder R\u00fccksendungen ist ein Gew\u00e4hrleistungsantrag beizuf\u00fcgen. Die aus Anlass einer nicht gerechtfertigten M\u00e4ngelr\u00fcge erwachsenden Transportkosten tr\u00e4gt der K\u00e4ufer.<\/li>\n<li>Die Verj\u00e4hrungsfrist von Gew\u00e4hrleistungsanspr\u00fcchen f\u00fcr die gelieferte Ware betr\u00e4gt \u2013 au\u00dfer im Fall von Schadensersatzanspr\u00fcchen \u2013 zw\u00f6lf Monate ab Erhalt der Ware.<\/li>\n<li>Unber\u00fchrt bleiben die Rechte des Kunden aus gesondert abgegebenen Garantien unserer Hersteller. \u00dcber das Vorliegen eines Garantieanspruchs des Kunden gegen\u00fcber dem Hersteller entscheidet der Hersteller.<\/li>\n<\/ol>\n<p><strong>\u00a0<\/strong><\/p>\n<p><strong>VIII. Haftungsbeschr\u00e4nkung<\/strong><\/p>\n<ol>\n<li>Wir haften, soweit sich aus diesen Allgemeinen Gesch\u00e4ftsbedingungen, einschlie\u00dflich der nachfolgenden Bestimmungen, nichts anderes ergibt, bei Verletzungen von vertraglichen und au\u00dfervertraglichen Pflichten nach den gesetzlichen Ma\u00dfgaben.<\/li>\n<li>Wir haften f\u00fcr Vorsatz und grobe Fahrl\u00e4ssigkeit. Ferner haften wir f\u00fcr die fahrl\u00e4ssige Verletzung von Pflichten, deren Erf\u00fcllung die ordnungsgem\u00e4\u00dfe Durchf\u00fchrung des Vertrages \u00fcberhaupt erst erm\u00f6glicht, deren Verletzung die Erreichung des Vertragszwecks gef\u00e4hrdet und auf deren Einhaltung der Kunde regelm\u00e4\u00dfig vertrauen darf. Im letztgenannten Fall haften wir jedoch nur f\u00fcr den vorhersehbaren, vertragstypischen Schaden. Gleiches gilt f\u00fcr Pflichtverletzungen unserer Erf\u00fcllungsgehilfen.<\/li>\n<li>Die vorstehenden Haftungsausschl\u00fcsse gelten nicht bei Verletzung von Leben, K\u00f6rper und Gesundheit. Die Haftungsbeschr\u00e4nkungen finden ebenfalls keine Anwendung, soweit ein Mangel arglistig verschwiegen und eine Garantie f\u00fcr die Beschaffenheit der Ware \u00fcbernommen wurde. Die Haftung nach dem Produkthaftungsgesetz bleibt unber\u00fchrt.<\/li>\n<\/ol>\n<p>\u00a0<\/p>\n<p><strong>IX. Eigentumsvorbehalt <\/strong><\/p>\n<ol>\n<li>Alle gelieferte Ware bleibt unser Eigentum, bis der K\u00e4ufer unsere s\u00e4mtlichen bereits entstandenen und zuk\u00fcnftig noch entstehenden Forderungen aus unserer Gesch\u00e4ftsvereinbarung mit ihm vollst\u00e4ndig bezahlt hat, insbesondere bis zur vollst\u00e4ndigen Bezahlung des Kaufpreises einschlie\u00dflich s\u00e4mtlicher Nebenkosten, ggf. bis zur Einl\u00f6sung des Schecks, Eigen- oder Kundenwechsel, bei laufender Rechnung bis zum vollst\u00e4ndigen Kontoausgleich. Dies gilt auch dann, wenn der K\u00e4ufer f\u00fcr bestimmte, von ihm bezeichnete Lieferung Zahlung leistet.<\/li>\n<li>Der K\u00e4ufer darf den Liefergegenstand weder verpf\u00e4nden noch zur Sicherheit \u00fcbereignen. Bei Pf\u00e4ndung sowie Beschlagnahme oder sonstigen Verf\u00fcgungen durch Dritte hat er uns unverz\u00fcglich zu benachrichtigen.<\/li>\n<li>Der Kunde ist bis auf Widerruf zur Weiterver\u00e4u\u00dferung und\/oder Weiterverarbeitung der unter Eigentumsvorbehalt stehenden Ware im gew\u00f6hnlichen Gesch\u00e4ftsverkehr berechtigt. In diesem Falle tritt der Kunde jedoch in H\u00f6he des Rechnungswerts unserer Forderung bereits jetzt alle Forderungen aus einer solchen Weiterver\u00e4u\u00dferung und\/oder Weiterverarbeitung, gleich ob diese vor oder nach einer eventuellen Verarbeitung der unter Eigentumsvorbehalt gelieferten Ware erfolgt, an uns ab. Wir nehmen diese Abtretung an. Unbesehen unserer Befugnis, die Forderung selbst einzuziehen, bleibt der Kunde auch nach der Abtretung zum Einzug der Forderung erm\u00e4chtigt. In diesem Zusammenhang verpflichten wir uns, die Forderung nicht selbst einzuziehen, solange und soweit der Kunde seinen Zahlungsverpflichtungen nachkommt, kein Antrag auf Er\u00f6ffnung eines Insolvenz- oder \u00e4hnlichen Verfahrens \u00fcber sein Verm\u00f6gen gestellt ist und keine Zahlungseinstellung vorliegt. Insoweit der realisierbare Wert der oben genannten Sicherheiten die zu sichernden Forderungen um mehr als 10% \u00fcbersteigt, sind wir verpflichtet, die Sicherheiten nach unserer Auswahl auf Verlangen des Kunden freizugeben.<\/li>\n<li>Kommt der K\u00e4ufer in Zahlungsverzug, oder kommt er seinen Verpflichtungen aus dem Eigentumsvorbehalt nicht nach, k\u00f6nnen wir den Liefergegenstand vom K\u00e4ufer herausverlangen und, nach schriftlicher Ank\u00fcndigung mit angemessener Frist, unter Anrechnung des Verwertungserl\u00f6ses auf den Kaufpreis durch freih\u00e4ndigen Verkauf bestm\u00f6glich verwerten.<\/li>\n<li>S\u00e4mtliche Kosten der R\u00fccknahme und der Verwertung des Liefergegenstandes tr\u00e4gt der K\u00e4ufer. Die Verwertungskosten betragen ohne Nachweis 10% des Verwertungserl\u00f6ses einschlie\u00dflich Umsatzsteuer. Der Erl\u00f6s wird dem K\u00e4ufer nach Abzug der Kosten und sonstigen mit dem Vertrag zusammenh\u00e4ngenden Forderungen von uns gutgebracht.<\/li>\n<\/ol>\n<p>\u00a0<\/p>\n<p><strong style=\"font-size: 14.4px;\">X. R\u00fccknahme<\/strong><\/p>\n<ol>\n<li>Ordnungsgem\u00e4\u00df bestellte und gelieferte Ware wird grunds\u00e4tzlich nicht zur\u00fcckgenommen. Von uns vorher in Textform genehmigte R\u00fccksendungen haben frachtfrei zu erfolgen. Reklamierte Ware ist ausschlie\u00dflich in wiederverkaufsf\u00e4higer Originalverpackung zur\u00fcckzusenden. Die Erteilung einer Genehmigung zur R\u00fccksendung erfolgt stets vorbehaltlich einer abschlie\u00dfenden Pr\u00fcfung der zur\u00fcckgesendeten Ware durch uns.<\/li>\n<li>Bei durch uns genehmigter R\u00fccknahme entstehen folgende Einlagerungsgeb\u00fchren und gelten folgende Fristen und Wertgrenzen:<\/li>\n<\/ol>\n\t<div class=\"img has-hover x md-x lg-x y md-y lg-y\" id=\"image_513755715\">\n\t\t\t\t\t\t\t\t<div class=\"img-inner dark\" >\n\t\t\t\t\t\t\t\t\t\n\t\t\t\t\t<\/div>\n\t\t\t\t\t\t\t\t\n<style scope=\"scope\">\n\n#image_513755715 {\n  width: 100%;\n}\n<\/style>\n\t<\/div>\n\t\n\n\t<div class=\"img has-hover x md-x lg-x y md-y lg-y\" id=\"image_1706367211\">\n\t\t\t\t\t\t\t\t<div class=\"img-inner dark\" >\n\t\t\t<img loading=\"lazy\" decoding=\"async\" width=\"910\" height=\"665\" src=\"https:\/\/www.logistikpark.de\/cms\/wp-content\/uploads\/2025\/11\/ABG-11_2025.jpg\" class=\"attachment-large size-large\" alt=\"\" srcset=\"https:\/\/www.logistikpark.de\/cms\/wp-content\/uploads\/2025\/11\/ABG-11_2025.jpg 910w, https:\/\/www.logistikpark.de\/cms\/wp-content\/uploads\/2025\/11\/ABG-11_2025-300x219.jpg 300w, https:\/\/www.logistikpark.de\/cms\/wp-content\/uploads\/2025\/11\/ABG-11_2025-768x561.jpg 768w\" sizes=\"auto, (max-width: 910px) 100vw, 910px\" title=\"\">\t\t\t\t\t\t\n\t\t\t\t\t<\/div>\n\t\t\t\t\t\t\t\t\n<style scope=\"scope\">\n\n#image_1706367211 {\n  width: 100%;\n}\n<\/style>\n\t<\/div>\n\t\n\n<p>\u00a0<\/p>\n<ol start=\"3\">\n<li>F\u00fcr die mit unserer Zustimmung zur\u00fcckgenommene Ware erhalten Sie eine Gutschrift. Die Erteilung einer Gutschrift f\u00fcr nicht bei uns lagernde Ware setzt die vorherige Erstattung durch den jeweiligen Hersteller voraus.<\/li>\n<li>Zur\u00fcckgesandte Ware, ohne vorherige Abstimmung, lagern auf Kosten und Gefahr des K\u00e4ufers. Transportkosten bei nicht frachtfreier Anlieferung berechnen wir.<\/li>\n<\/ol>\n<p>\u00a0<\/p>\n<p><strong>XI. Produkthaftung und Umweltschutz<\/strong><\/p>\n<ol>\n<li>Produkthaftung richten sich nach den jeweils g\u00fcltigen gesetzlichen Bestimmungen<\/li>\n<li>Der Kunde ist verpflichtet, geltende Umwelt- und Entsorgungsvorschriften zu beachten.<\/li>\n<\/ol>\n<p>\u00a0<\/p>\n<p><strong>XII.\u00a0 Datenschutz und Vertraulichkeit<\/strong><\/p>\n<ol>\n<li>Wir sind berechtigt, alle Daten, die f\u00fcr die Gesch\u00e4ftsabwicklung notwendig und die Gesch\u00e4ftsbeziehung mit dem Vertragspartnern betreffen, gem\u00e4\u00df den gesetzlichen Bestimmungen zu speichern und zu verarbeiten. Die Einzelheiten ergeben sich aus unserer Datenschutzerkl\u00e4rung, die auf unserer Webseite (www.logistikpark.de) abgerufen werden kann.<\/li>\n<li>Der Kunde verpflichtet sich, vertrauliche Informationen \u00fcber unsere Gesch\u00e4ftsprozesse nicht an Dritte weiterzugeben.<\/li>\n<\/ol>\n<p>\u00a0<\/p>\n<p><strong>XIII<\/strong>.<strong> Erf\u00fcllungsort, Gerichtsstand und Rechtswahl<\/strong><\/p>\n<ol>\n<li>Erf\u00fcllungsort f\u00fcr beide Parteien ist Stollberg.<\/li>\n<li>F\u00fcr s\u00e4mtliche gegenw\u00e4rtige und zuk\u00fcnftige Anspr\u00fcche aus Gesch\u00e4ftsverbindungen mit Kaufleuten, juristischen Personen des \u00f6ffentlichen Rechts wird als ausschlie\u00dflicher Gerichtsstand Chemnitz vereinbart.<\/li>\n<li>Es gilt das Recht der Bundesrepublik Deutschland unter Ausschluss des UN-Kaufrechts.<\/li>\n<\/ol>\n<p>\u00a0<\/p>\n<p><strong>XIV. Schlussbestimmungen<\/strong><\/p>\n<ol>\n<li>Sollten einzelne Bestimmungen dieser AGB unwirksam sein, bleiben die \u00fcbrigen Bestimmungen unber\u00fchrt. Die unwirksame Bestimmung wird von den Vertragsparteien einvernehmlich durch eine rechtswirksame Bestimmung ersetzt, welche dem wirtschaftlichen Sinn und Zweck der unwirksamen Bestimmung am n\u00e4chsten kommt. Die vorstehende Regelung gilt entsprechend bei Regelungsl\u00fccken.<\/li>\n<li>Nebenabreden, \u00c4nderungen oder Erg\u00e4nzungen dieser AGB bed\u00fcrfen der Schriftform.<\/li>\n<\/ol>\n<p><a href=\"https:\/\/www.logistikpark.de\/cms\/wp-content\/uploads\/2025\/11\/AGB_Stand_11_2025.pdf\" target=\"_blank\" rel=\"noopener noreferrer\">Download: Gesch\u00e4fts-, Verkaufs- und Lieferbedingungen<\/a><\/p>\n<p><em>Stand: November 2025<\/em><\/p>\n\n\t\t<\/div><!-- .section-content -->\n\n\t\t\n<style scope=\"scope\">\n\n#section_1204123567 {\n  padding-top: 30px;\n  padding-bottom: 30px;\n}\n<\/style>\n\t<\/section>\n\t\n\n","protected":false},"excerpt":{"rendered":"","protected":false},"author":2,"featured_media":0,"parent":0,"menu_order":0,"comment_status":"closed","ping_status":"closed","template":"","meta":{"footnotes":""},"class_list":["post-497","page","type-page","status-publish","hentry"],"_links":{"self":[{"href":"https:\/\/www.logistikpark.de\/cms\/wp-json\/wp\/v2\/pages\/497","targetHints":{"allow":["GET"]}}],"collection":[{"href":"https:\/\/www.logistikpark.de\/cms\/wp-json\/wp\/v2\/pages"}],"about":[{"href":"https:\/\/www.logistikpark.de\/cms\/wp-json\/wp\/v2\/types\/page"}],"author":[{"embeddable":true,"href":"https:\/\/www.logistikpark.de\/cms\/wp-json\/wp\/v2\/users\/2"}],"replies":[{"embeddable":true,"href":"https:\/\/www.logistikpark.de\/cms\/wp-json\/wp\/v2\/comments?post=497"}],"version-history":[{"count":55,"href":"https:\/\/www.logistikpark.de\/cms\/wp-json\/wp\/v2\/pages\/497\/revisions"}],"predecessor-version":[{"id":2903,"href":"https:\/\/www.logistikpark.de\/cms\/wp-json\/wp\/v2\/pages\/497\/revisions\/2903"}],"wp:attachment":[{"href":"https:\/\/www.logistikpark.de\/cms\/wp-json\/wp\/v2\/media?parent=497"}],"curies":[{"name":"wp","href":"https:\/\/api.w.org\/{rel}","templated":true}]}}