{"id":2793,"date":"2025-04-24T08:12:01","date_gmt":"2025-04-24T06:12:01","guid":{"rendered":"https:\/\/www.logistikpark.de\/cms\/?page_id=2793"},"modified":"2025-11-03T10:52:58","modified_gmt":"2025-11-03T09:52:58","slug":"leistungsspektrum-3","status":"publish","type":"page","link":"https:\/\/www.logistikpark.de\/cms\/leistungsspektrum-3\/","title":{"rendered":"Leistungsspektrum"},"content":{"rendered":"\n\t<section class=\"section\" id=\"section_612237951\">\n\t\t<div class=\"bg section-bg fill bg-fill  bg-loaded\" >\n\n\t\t\t\n\t\t\t\n\t\t\t\n\n\t\t<\/div><!-- .section-bg -->\n\n\t\t<div class=\"section-content relative\">\n\t\t\t\n\n<div class=\"slider-wrapper relative\" id=\"slider-777062125\" >\n    <div class=\"slider slider-nav-circle slider-nav-large slider-nav-light slider-style-normal\"\n        data-flickity-options='{\n            \"cellAlign\": \"center\",\n            \"imagesLoaded\": true,\n            \"lazyLoad\": 1,\n            \"freeScroll\": false,\n            \"wrapAround\": true,\n            \"autoPlay\": 6000,\n            \"pauseAutoPlayOnHover\" : true,\n            \"prevNextButtons\": true,\n            \"contain\" : true,\n            \"adaptiveHeight\" : true,\n            \"dragThreshold\" : 10,\n            \"percentPosition\": true,\n            \"pageDots\": true,\n            \"rightToLeft\": false,\n            \"draggable\": true,\n            \"selectedAttraction\": 0.1,\n            \"parallax\" : 0,\n            \"friction\": 0.6        }'\n        >\n        \n\n\n  <div class=\"banner has-hover\" id=\"banner-906860210\">\n          <div class=\"banner-inner fill\">\n        <div class=\"banner-bg fill\" >\n            <div class=\"bg fill bg-fill \"><\/div>\n                        <div class=\"overlay\"><\/div>            \n                    <\/div><!-- bg-layers -->\n        <div class=\"banner-layers container\">\n            <div class=\"fill banner-link\"><\/div>            \n\n   <div id=\"text-box-740685594\" class=\"text-box banner-layer text-box-circle x90 md-x90 lg-x90 y50 md-y50 lg-y50 res-text\">\n                                <div class=\"text box-shadow-3 dark\">\n              \n              <div class=\"text-inner text-center\">\n                  \n\n<h3 class=\"uppercase\"><strong>KFZ Ersatzteile<\/strong><\/h3>\n<h4>Zubeh\u00f6r und Werkstattchemie<\/h4>\n\n              <\/div>\n           <\/div><!-- text-box-inner -->\n                            \n<style scope=\"scope\">\n\n#text-box-740685594 .text {\n  background-color: rgba(0, 76, 151, 0.93);\n  font-size: 100%;\n}\n#text-box-740685594 .text-inner {\n  padding: 30px 30px 30px 30px;\n}\n#text-box-740685594 {\n  width: 60%;\n}\n\n\n@media (min-width:550px) {\n\n  #text-box-740685594 {\n    width: 40%;\n  }\n\n}\n<\/style>\n    <\/div><!-- text-box -->\n \n\n        <\/div><!-- .banner-layers -->\n      <\/div><!-- .banner-inner -->\n\n            \n<style scope=\"scope\">\n\n#banner-906860210 {\n  padding-top: 500px;\n}\n#banner-906860210 .bg.bg-loaded {\n  background-image: url(https:\/\/www.logistikpark.de\/cms\/wp-content\/uploads\/2020\/02\/slider-autoteile-500px-1024x375.jpg);\n}\n#banner-906860210 .overlay {\n  background-color: rgba(0, 0, 0, 0.2);\n}\n<\/style>\n  <\/div><!-- .banner -->\n\n\n\n  <div class=\"banner has-hover\" id=\"banner-781830090\">\n          <div class=\"banner-inner fill\">\n        <div class=\"banner-bg fill\" >\n            <div class=\"bg fill bg-fill \"><\/div>\n                        <div class=\"overlay\"><\/div>            \n                    <\/div><!-- bg-layers -->\n        <div class=\"banner-layers container\">\n            <div class=\"fill banner-link\"><\/div>            \n\n   <div id=\"text-box-1434744716\" class=\"text-box banner-layer text-box-circle x90 md-x90 lg-x90 y50 md-y50 lg-y50 res-text\">\n                                <div class=\"text box-shadow-3 dark\">\n              \n              <div class=\"text-inner text-center\">\n                  \n\n<h2 class=\"uppercase\"><strong>IHR PARTNER<\/strong><\/h2>\n<h3>f\u00fcr Reifen &amp; R\u00e4der<\/h3>\n<p>Gro\u00dfe Auswahl an Reifen f\u00fcr fast alle Fahrzeuge.<\/p>\n\n              <\/div>\n           <\/div><!-- text-box-inner -->\n                            \n<style scope=\"scope\">\n\n#text-box-1434744716 .text {\n  background-color: rgba(0, 76, 151, 0.93);\n  font-size: 100%;\n}\n#text-box-1434744716 .text-inner {\n  padding: 30px 30px 30px 30px;\n}\n#text-box-1434744716 {\n  width: 60%;\n}\n\n\n@media (min-width:550px) {\n\n  #text-box-1434744716 {\n    width: 40%;\n  }\n\n}\n<\/style>\n    <\/div><!-- text-box -->\n \n\n        <\/div><!-- .banner-layers -->\n      <\/div><!-- .banner-inner -->\n\n            \n<style scope=\"scope\">\n\n#banner-781830090 {\n  padding-top: 500px;\n}\n#banner-781830090 .bg.bg-loaded {\n  background-image: url(https:\/\/www.logistikpark.de\/cms\/wp-content\/uploads\/2020\/03\/reifen.jpg);\n}\n#banner-781830090 .overlay {\n  background-color: rgba(0, 0, 0, 0.2);\n}\n<\/style>\n  <\/div><!-- .banner -->\n\n\n\n  <div class=\"banner has-hover\" id=\"banner-780639179\">\n          <div class=\"banner-inner fill\">\n        <div class=\"banner-bg fill\" >\n            <div class=\"bg fill bg-fill \"><\/div>\n                        <div class=\"overlay\"><\/div>            \n                    <\/div><!-- bg-layers -->\n        <div class=\"banner-layers container\">\n            <div class=\"fill banner-link\"><\/div>            \n\n   <div id=\"text-box-1273674716\" class=\"text-box banner-layer text-box-circle x90 md-x90 lg-x90 y50 md-y50 lg-y50 res-text\">\n                                <div class=\"text box-shadow-3 dark\">\n              \n              <div class=\"text-inner text-center\">\n                  \n\n<h3 class=\"uppercase\"><strong>EUROREPAR<\/strong><\/h3>\n<h5>Mehrmarken Ersatzteile<\/h5>\n<p><strong>L\u00d6SUNGEN F\u00dcR ALLE\u00a0 FAHRZEUGMARKEN\u00a0<\/strong><\/p>\n<p>Mehr als 17.000\u00a0Ersatzteile\u00a0zum besten Preis-Leistungs-Verh\u00e4ltnis f\u00fcr Fahrzeuge ab 3 Jahre.<\/p>\n<a data-animate=\"bounceInUp\" rel=\"noopener noreferrer nofollow\" href=\"https:\/\/public.servicebox-parts.com\/pages\/index.jsp\" target=\"_blank\" class=\"button white\">\n    <span>ZUR SERVICEBOX<\/span>\n  <\/a>\n\n\n\n              <\/div>\n           <\/div><!-- text-box-inner -->\n                            \n<style scope=\"scope\">\n\n#text-box-1273674716 .text {\n  background-color: rgba(0, 76, 151, 0.93);\n  font-size: 100%;\n}\n#text-box-1273674716 .text-inner {\n  padding: 30px 30px 30px 30px;\n}\n#text-box-1273674716 {\n  width: 60%;\n}\n\n\n@media (min-width:550px) {\n\n  #text-box-1273674716 {\n    width: 40%;\n  }\n\n}\n<\/style>\n    <\/div><!-- text-box -->\n \n\n        <\/div><!-- .banner-layers -->\n      <\/div><!-- .banner-inner -->\n\n            \n<style scope=\"scope\">\n\n#banner-780639179 {\n  padding-top: 500px;\n}\n#banner-780639179 .bg.bg-loaded {\n  background-image: url(https:\/\/www.logistikpark.de\/cms\/wp-content\/uploads\/2020\/03\/eurorepar-sortiment2.jpg);\n}\n#banner-780639179 .overlay {\n  background-color: rgba(0, 0, 0, 0.2);\n}\n<\/style>\n  <\/div><!-- .banner -->\n\n\n\n  <div class=\"banner has-hover\" id=\"banner-2043775001\">\n          <div class=\"banner-inner fill\">\n        <div class=\"banner-bg fill\" >\n            <div class=\"bg fill bg-fill \"><\/div>\n                        <div class=\"overlay\"><\/div>            \n                    <\/div><!-- bg-layers -->\n        <div class=\"banner-layers container\">\n            <div class=\"fill banner-link\"><\/div>            \n\n   <div id=\"text-box-1193616102\" class=\"text-box banner-layer text-box-circle x5 md-x5 lg-x5 y95 md-y95 lg-y95 res-text\">\n                                <div class=\"text box-shadow-3 dark\">\n              \n              <div class=\"text-inner text-center\">\n                  \n\n<h2 class=\"uppercase\"><strong>CARFIT GMBH<\/strong><\/h2>\n<h4>Werkstattchemie<\/h4>\n<p>Eine gro\u00dfe Auswahl an Produkten f\u00fcr die Fahrzeugaufbereitung, Reinigung &amp; Wartung sowie eine Vielzahl an Zubeh\u00f6rartikeln finden Sie in unserem Zubeh\u00f6rshop.<\/p>\n\n              <\/div>\n           <\/div><!-- text-box-inner -->\n                            \n<style scope=\"scope\">\n\n#text-box-1193616102 .text {\n  background-color: rgba(90, 162, 72, 0.86);\n  font-size: 100%;\n}\n#text-box-1193616102 .text-inner {\n  padding: 30px 30px 30px 30px;\n}\n#text-box-1193616102 {\n  width: 60%;\n}\n\n\n@media (min-width:550px) {\n\n  #text-box-1193616102 {\n    width: 40%;\n  }\n\n}\n<\/style>\n    <\/div><!-- text-box -->\n \n\n        <\/div><!-- .banner-layers -->\n      <\/div><!-- .banner-inner -->\n\n            \n<style scope=\"scope\">\n\n#banner-2043775001 {\n  padding-top: 50%;\n}\n#banner-2043775001 .bg.bg-loaded {\n  background-image: url(https:\/\/www.logistikpark.de\/cms\/wp-content\/uploads\/2021\/09\/CARFIT_Neuheiten_Zeichenfl\u00e4che-1-1024x565.png);\n}\n#banner-2043775001 .overlay {\n  background-color: rgba(0, 0, 0, 0.2);\n}\n<\/style>\n  <\/div><!-- .banner -->\n\n\n\n     <\/div>\n\n     <div class=\"loading-spin dark large centered\"><\/div>\n\n     <style scope=\"scope\">\n             <\/style>\n<\/div><!-- .ux-slider-wrapper -->\n\n\n\n\t\t<\/div><!-- .section-content -->\n\n\t\t\n<style scope=\"scope\">\n\n#section_612237951 {\n  padding-top: 30px;\n  padding-bottom: 30px;\n}\n<\/style>\n\t<\/section>\n\t\n\n\n\n<h2 class=\"wp-block-heading\">Unsere Produktpalette<\/h2>\n\n<p>Unser Leistungsspektrum ist breit gef\u00e4chert. Wir sind ein Unternehmen der AVAG Holding SE in Augsburg, \u00fcber diesen Firmenverbund vertreiben wir folgende Marken:<\/p>\n\n\n\n<div class=\"row row-small row-dashed\"  id=\"row-1463492564\">\n\n<div class=\"col medium-4 small-12 large-4\"  ><div class=\"col-inner text-shadow-5\" style=\"background-color:rgb(255, 255, 255);\" >\n\n<h2 class=\"uppercase\" style=\"text-align: center;\">Abarth<\/h2>\n\n<\/div><\/div>\n<div class=\"col medium-4 small-12 large-4\"  ><div class=\"col-inner text-shadow-5\"  >\n\n<h2 class=\"uppercase\" style=\"text-align: center;\">Alfa Romeo<\/h2>\n\n<\/div><\/div>\n<div class=\"col medium-4 small-12 large-4\"  ><div class=\"col-inner text-shadow-5\" style=\"background-color:rgb(255,255,255);\" >\n\n<h2 class=\"uppercase\" style=\"text-align: center;\">Buick<\/h2>\n\n<\/div><\/div>\n<div class=\"col medium-4 small-12 large-4\"  ><div class=\"col-inner text-shadow-5\" style=\"background-color:rgb(255,255,255);\" >\n\n<h2 class=\"uppercase\" style=\"text-align: center;\">Cadillac<\/h2>\n\n<\/div><\/div>\n<div class=\"col medium-4 small-12 large-4\"  ><div class=\"col-inner text-shadow-5\"  >\n\n<h2 class=\"uppercase\" style=\"text-align: center;\">Chevrolet<\/h2>\n\n<\/div><\/div>\n<div class=\"col medium-4 small-12 large-4\"  ><div class=\"col-inner text-shadow-5\" style=\"background-color:rgb(255,255,255);\" >\n\n<h2 class=\"uppercase\" style=\"text-align: center;\">Chrysler<\/h2>\n\n<\/div><\/div>\n<div class=\"col medium-4 small-12 large-4\"  ><div class=\"col-inner text-shadow-5\" style=\"background-color:rgb(255,255,255);\" >\n\n<h2 class=\"uppercase\" style=\"text-align: center;\">Citroen<\/h2>\n\n<\/div><\/div>\n<div class=\"col medium-4 small-12 large-4\"  ><div class=\"col-inner text-shadow-5\"  >\n\n<h2 class=\"uppercase\" style=\"text-align: center;\">Corvette<\/h2>\n\n<\/div><\/div>\n<div class=\"col medium-4 small-12 large-4\"  ><div class=\"col-inner text-shadow-5\" style=\"background-color:rgb(255,255,255);\" >\n\n<h2 class=\"uppercase\" style=\"text-align: center;\">Dacia<\/h2>\n\n<\/div><\/div>\n<div class=\"col medium-4 small-12 large-4\"  ><div class=\"col-inner text-shadow-5\" style=\"background-color:rgb(255,255,255);\" >\n\n<h2 class=\"uppercase\" style=\"text-align: center;\">Daihatsu<\/h2>\n\n<\/div><\/div>\n<div class=\"col medium-4 small-12 large-4\"  ><div class=\"col-inner text-shadow-5\"  >\n\n<h2 class=\"uppercase\" style=\"text-align: center;\">Dodge<\/h2>\n\n<\/div><\/div>\n<div class=\"col medium-4 small-12 large-4\"  ><div class=\"col-inner text-shadow-5\" style=\"background-color:rgb(255,255,255);\" >\n\n<h2 class=\"uppercase\" style=\"text-align: center;\">DS Automobiles<\/h2>\n\n<\/div><\/div>\n<div class=\"col medium-4 small-12 large-4\"  ><div class=\"col-inner text-shadow-5\" style=\"background-color:rgb(255,255,255);\" >\n\n<h2 class=\"uppercase\" style=\"text-align: center;\">Fiat<\/h2>\n\n<\/div><\/div>\n<div class=\"col medium-4 small-12 large-4\"  ><div class=\"col-inner text-shadow-5\"  >\n\n<h2 class=\"uppercase\" style=\"text-align: center;\">Ford<\/h2>\n\n<\/div><\/div>\n<div class=\"col medium-4 small-12 large-4\"  ><div class=\"col-inner text-shadow-5\" style=\"background-color:rgb(255,255,255);\" >\n\n<h2 class=\"uppercase\" style=\"text-align: center;\">HOnda<\/h2>\n\n<\/div><\/div>\n<div class=\"col medium-4 small-12 large-4\"  ><div class=\"col-inner text-shadow-5\" style=\"background-color:rgb(255,255,255);\" >\n\n<h2 class=\"uppercase\" style=\"text-align: center;\">HUMMER<\/h2>\n\n<\/div><\/div>\n<div class=\"col medium-4 small-12 large-4\"  ><div class=\"col-inner text-shadow-5\"  >\n\n<h2 class=\"uppercase\" style=\"text-align: center;\">Hyundai<\/h2>\n\n<\/div><\/div>\n<div class=\"col medium-4 small-12 large-4\"  ><div class=\"col-inner text-shadow-5\" style=\"background-color:rgb(255,255,255);\" >\n\n<h2 class=\"uppercase\" style=\"text-align: center;\">Jaguar<\/h2>\n\n<\/div><\/div>\n<div class=\"col medium-4 small-12 large-4\"  ><div class=\"col-inner text-shadow-5\" style=\"background-color:rgb(255,255,255);\" >\n\n<h2 class=\"uppercase\" style=\"text-align: center;\">JEEP<\/h2>\n\n<\/div><\/div>\n<div class=\"col medium-4 small-12 large-4\"  ><div class=\"col-inner text-shadow-5\"  >\n\n<h2 class=\"uppercase\" style=\"text-align: center;\">KIA<\/h2>\n\n<\/div><\/div>\n<div class=\"col medium-4 small-12 large-4\"  ><div class=\"col-inner text-shadow-5\" style=\"background-color:rgb(255,255,255);\" >\n\n<h2 class=\"uppercase\" style=\"text-align: center;\">Lancia<\/h2>\n\n<\/div><\/div>\n<div class=\"col medium-4 small-12 large-4\"  ><div class=\"col-inner text-shadow-5\" style=\"background-color:rgb(255,255,255);\" >\n\n<h2 class=\"uppercase\" style=\"text-align: center;\">landrover<\/h2>\n\n<\/div><\/div>\n<div class=\"col medium-4 small-12 large-4\"  ><div class=\"col-inner text-shadow-5\"  >\n\n<h2 class=\"uppercase\" style=\"text-align: center;\">leapmotor<\/h2>\n\n<\/div><\/div>\n<div class=\"col medium-4 small-12 large-4\"  ><div class=\"col-inner text-shadow-5\" style=\"background-color:rgb(255,255,255);\" >\n\n<h2 class=\"uppercase\" style=\"text-align: center;\">lexus<\/h2>\n\n<\/div><\/div>\n<div class=\"col medium-4 small-12 large-4\"  ><div class=\"col-inner text-shadow-5\" style=\"background-color:rgb(255,255,255);\" >\n\n<h2 class=\"uppercase\" style=\"text-align: center;\">lincoln<\/h2>\n\n<\/div><\/div>\n<div class=\"col medium-4 small-12 large-4\"  ><div class=\"col-inner text-shadow-5\"  >\n\n<h2 style=\"text-align: center;\">MAZDA<\/h2>\n\n<\/div><\/div>\n<div class=\"col medium-4 small-12 large-4\"  ><div class=\"col-inner text-center text-shadow-5\" style=\"background-color:rgb(255,255,255);\" >\n\n<h2 class=\"uppercase\" style=\"text-align: center;\">mitsubishi<\/h2>\n\n<\/div><\/div>\n<div class=\"col medium-4 small-12 large-4\"  ><div class=\"col-inner text-shadow-5\" style=\"background-color:rgb(255,255,255);\" >\n\n<h2 class=\"uppercase\" style=\"text-align: center;\">nissan<\/h2>\n\n<\/div><\/div>\n<div class=\"col medium-4 small-12 large-4\"  ><div class=\"col-inner text-shadow-5\"  >\n\n<h2 class=\"uppercase\" style=\"text-align: center;\">oldsmobile<\/h2>\n\n<\/div><\/div>\n<div class=\"col medium-4 small-12 large-4\"  ><div class=\"col-inner text-shadow-5\" style=\"background-color:rgb(255, 255, 255);\" >\n\n<h2 class=\"uppercase\" style=\"text-align: center;\">opel<\/h2>\n\n<\/div><\/div>\n<div class=\"col medium-4 small-12 large-4\"  ><div class=\"col-inner text-shadow-5\" style=\"background-color:rgb(255,255,255);\" >\n\n<h2 class=\"uppercase\" style=\"text-align: center;\">peugeot<\/h2>\n\n<\/div><\/div>\n<div class=\"col medium-4 small-12 large-4\"  ><div class=\"col-inner text-shadow-5\"  >\n\n<h2 class=\"uppercase\" style=\"text-align: center;\">pontiac<\/h2>\n\n<\/div><\/div>\n<div class=\"col medium-4 small-12 large-4\"  ><div class=\"col-inner text-shadow-5\" style=\"background-color:rgb(255, 255, 255);\" >\n\n<h2 class=\"uppercase\" style=\"text-align: center;\">renault<\/h2>\n\n<\/div><\/div>\n<div class=\"col medium-4 small-12 large-4\"  ><div class=\"col-inner text-shadow-5\" style=\"background-color:rgb(255,255,255);\" >\n\n<h2 class=\"uppercase\" style=\"text-align: center;\">Subaru<\/h2>\n\n<\/div><\/div>\n<div class=\"col medium-4 small-12 large-4\"  ><div class=\"col-inner text-shadow-5\"  >\n\n<h2 class=\"uppercase\" style=\"text-align: center;\">suzuki<\/h2>\n\n<\/div><\/div>\n<div class=\"col medium-4 small-12 large-4\"  ><div class=\"col-inner text-shadow-5\" style=\"background-color:rgb(255,255,255);\" >\n\n<h2 class=\"uppercase\" style=\"text-align: center;\">toyota<\/h2>\n\n<\/div><\/div>\n<div class=\"col medium-4 small-12 large-4\"  ><div class=\"col-inner text-shadow-5\" style=\"background-color:rgb(255,255,255);\" >\n\n<h2 class=\"uppercase\" style=\"text-align: center;\">volvo<\/h2>\n\n<\/div><\/div>\n<div class=\"col medium-4 small-12 large-4\"  ><div class=\"col-inner\"  >\n\n\n<\/div><\/div>\n<div class=\"col medium-4 small-12 large-4\"  ><div class=\"col-inner\" style=\"background-color:rgb(255,255,255);\" >\n\n\n<\/div><\/div>\n<div class=\"col medium-4 small-12 large-4\"  ><div class=\"col-inner\"  >\n\n\t<div class=\"box has-hover   has-hover box-text-bottom\" >\n\n\t\t<div class=\"box-image\" style=\"width:75%;\">\n\t\t\t\t\t\t<div class=\"\" >\n\t\t\t\t<img loading=\"lazy\" decoding=\"async\" width=\"1532\" height=\"423\" src=\"https:\/\/www.logistikpark.de\/cms\/wp-content\/uploads\/2025\/04\/CARFIT-log2-02-02.png\" class=\"attachment- size-\" alt=\"\" srcset=\"https:\/\/www.logistikpark.de\/cms\/wp-content\/uploads\/2025\/04\/CARFIT-log2-02-02.png 1532w, https:\/\/www.logistikpark.de\/cms\/wp-content\/uploads\/2025\/04\/CARFIT-log2-02-02-300x83.png 300w, https:\/\/www.logistikpark.de\/cms\/wp-content\/uploads\/2025\/04\/CARFIT-log2-02-02-1024x283.png 1024w, https:\/\/www.logistikpark.de\/cms\/wp-content\/uploads\/2025\/04\/CARFIT-log2-02-02-768x212.png 768w\" sizes=\"auto, (max-width: 1532px) 100vw, 1532px\" title=\"\">\t\t\t\t\t\t\t\t\t\t\t<\/div>\n\t\t\t\t\t<\/div><!-- box-image -->\n\n\t\t<div class=\"box-text text-center\" >\n\t\t\t<div class=\"box-text-inner\">\n\t\t\t\t\n\n\n\t\t\t<\/div><!-- box-text-inner -->\n\t\t<\/div><!-- box-text -->\n\t<\/div><!-- .box  -->\n\t\n\t<div class=\"box has-hover   has-hover box-text-bottom\" >\n\n\t\t<div class=\"box-image\" style=\"width:75%;\">\n\t\t\t\t\t\t<div class=\"\" >\n\t\t\t\t<img loading=\"lazy\" decoding=\"async\" width=\"512\" height=\"108\" src=\"https:\/\/www.logistikpark.de\/cms\/wp-content\/uploads\/2025\/04\/512px-Stellantis.svg.png\" class=\"attachment- size-\" alt=\"\" srcset=\"https:\/\/www.logistikpark.de\/cms\/wp-content\/uploads\/2025\/04\/512px-Stellantis.svg.png 512w, https:\/\/www.logistikpark.de\/cms\/wp-content\/uploads\/2025\/04\/512px-Stellantis.svg-300x63.png 300w\" sizes=\"auto, (max-width: 512px) 100vw, 512px\" title=\"\">\t\t\t\t\t\t\t\t\t\t\t<\/div>\n\t\t\t\t\t<\/div><!-- box-image -->\n\n\t\t<div class=\"box-text text-center\" >\n\t\t\t<div class=\"box-text-inner\">\n\t\t\t\t\n\n\n\t\t\t<\/div><!-- box-text-inner -->\n\t\t<\/div><!-- box-text -->\n\t<\/div><!-- .box  -->\n\t\n\n<\/div><\/div>\n<div class=\"col medium-4 small-12 large-4\"  ><div class=\"col-inner\"  >\n\n\t<div class=\"box has-hover   has-hover box-text-bottom\" >\n\n\t\t<div class=\"box-image\" style=\"width:42%;\">\n\t\t\t\t\t\t<div class=\"\" >\n\t\t\t\t<img loading=\"lazy\" decoding=\"async\" width=\"1831\" height=\"1611\" src=\"https:\/\/www.logistikpark.de\/cms\/wp-content\/uploads\/2025\/04\/EuroreparCMJNsign2202411200930.jpg\" class=\"attachment- size-\" alt=\"\" srcset=\"https:\/\/www.logistikpark.de\/cms\/wp-content\/uploads\/2025\/04\/EuroreparCMJNsign2202411200930.jpg 1831w, https:\/\/www.logistikpark.de\/cms\/wp-content\/uploads\/2025\/04\/EuroreparCMJNsign2202411200930-300x264.jpg 300w, https:\/\/www.logistikpark.de\/cms\/wp-content\/uploads\/2025\/04\/EuroreparCMJNsign2202411200930-1024x901.jpg 1024w, https:\/\/www.logistikpark.de\/cms\/wp-content\/uploads\/2025\/04\/EuroreparCMJNsign2202411200930-768x676.jpg 768w, https:\/\/www.logistikpark.de\/cms\/wp-content\/uploads\/2025\/04\/EuroreparCMJNsign2202411200930-1536x1351.jpg 1536w\" sizes=\"auto, (max-width: 1831px) 100vw, 1831px\" title=\"\">\t\t\t\t\t\t\t\t\t\t\t<\/div>\n\t\t\t\t\t<\/div><!-- box-image -->\n\n\t\t<div class=\"box-text text-center\" >\n\t\t\t<div class=\"box-text-inner\">\n\t\t\t\t\n\n\n\t\t\t<\/div><!-- box-text-inner -->\n\t\t<\/div><!-- box-text -->\n\t<\/div><!-- .box  -->\n\t\n\n<\/div><\/div>\n<div class=\"col medium-4 small-12 large-4\"  ><div class=\"col-inner\"  >\n\n\t<div class=\"box has-hover   has-hover box-text-bottom\" >\n\n\t\t<div class=\"box-image\" style=\"width:64%;\">\n\t\t\t\t\t\t<div class=\"\" >\n\t\t\t\t<img loading=\"lazy\" decoding=\"async\" width=\"300\" height=\"97\" src=\"https:\/\/www.logistikpark.de\/cms\/wp-content\/uploads\/2021\/09\/Omnicraft-e1746792740739.jpg\" class=\"attachment- size-\" alt=\"\" title=\"\">\t\t\t\t\t\t\t\t\t\t\t<\/div>\n\t\t\t\t\t<\/div><!-- box-image -->\n\n\t\t<div class=\"box-text text-center\" >\n\t\t\t<div class=\"box-text-inner\">\n\t\t\t\t\n\n\n\t\t\t<\/div><!-- box-text-inner -->\n\t\t<\/div><!-- box-text -->\n\t<\/div><!-- .box  -->\n\t\n\t<div class=\"box has-hover   has-hover box-text-bottom\" >\n\n\t\t<div class=\"box-image\" style=\"width:65%;\">\n\t\t\t\t\t\t<div class=\"\" >\n\t\t\t\t<img loading=\"lazy\" decoding=\"async\" width=\"300\" height=\"102\" src=\"https:\/\/www.logistikpark.de\/cms\/wp-content\/uploads\/2021\/09\/distrigo-e1746790775490.jpg\" class=\"attachment- size-\" alt=\"\" title=\"\">\t\t\t\t\t\t\t\t\t\t\t<\/div>\n\t\t\t\t\t<\/div><!-- box-image -->\n\n\t\t<div class=\"box-text text-center\" >\n\t\t\t<div class=\"box-text-inner\">\n\t\t\t\t\n\n\n\t\t\t<\/div><!-- box-text-inner -->\n\t\t<\/div><!-- box-text -->\n\t<\/div><!-- .box  -->\n\t\n\n<\/div><\/div>\n\n\n<style scope=\"scope\">\n\n<\/style>\n<\/div>\n<div class=\"row\"  id=\"row-80766108\">\n\n<div class=\"col medium-4 small-12 large-4\"  ><div class=\"col-inner\"  >\n\n\n<\/div><\/div>\n<div class=\"col medium-4 small-12 large-4\"  ><div class=\"col-inner\"  >\n\n\n<\/div><\/div>\n<div class=\"col medium-4 small-12 large-4\"  ><div class=\"col-inner\"  >\n\n\n<\/div><\/div>\n\n<\/div>\n    <div class=\"box has-hover has-hover box-vertical box-text-bottom\" >\n\n                  <div class=\"box-image \" style=\"width:13%;\">\n           <div class=\"box-image-inner image-cover\" style=\"border-radius:82%;padding-top:100%;\">\n              <img loading=\"lazy\" decoding=\"async\" width=\"1689\" height=\"1395\" src=\"https:\/\/www.logistikpark.de\/cms\/wp-content\/uploads\/2024\/07\/Telefonanlage-scaled-e1722236867114.jpg\" class=\"attachment- size-\" alt=\"\" srcset=\"https:\/\/www.logistikpark.de\/cms\/wp-content\/uploads\/2024\/07\/Telefonanlage-scaled-e1722236867114.jpg 1689w, https:\/\/www.logistikpark.de\/cms\/wp-content\/uploads\/2024\/07\/Telefonanlage-scaled-e1722236867114-300x248.jpg 300w, https:\/\/www.logistikpark.de\/cms\/wp-content\/uploads\/2024\/07\/Telefonanlage-scaled-e1722236867114-1024x846.jpg 1024w, https:\/\/www.logistikpark.de\/cms\/wp-content\/uploads\/2024\/07\/Telefonanlage-scaled-e1722236867114-768x634.jpg 768w, https:\/\/www.logistikpark.de\/cms\/wp-content\/uploads\/2024\/07\/Telefonanlage-scaled-e1722236867114-1536x1269.jpg 1536w\" sizes=\"auto, (max-width: 1689px) 100vw, 1689px\" title=\"\">                         <\/div>\n          <\/div><!-- box-image -->\n         \n          <div class=\"box-text text-left\" >\n                <div class=\"box-text-inner\">\n                  <h4 class=\"uppercase\">\n                    <span class=\"person-name\">Auftragsannahme<\/span><br\/>\n                    <span class=\"person-title is-small thin-font op-7\">\n                      037296 \/ 960 100                    <\/span>\n                  <\/h4>\n                 <div class=\"social-icons follow-icons\" ><\/div>                 \n\n<p>Das Team der Auftragsannahme erstellt Ihnen auf Anfrage gern ein individuelles Angebot.<\/p>\n\n                <\/div><!-- box-text-inner -->\n          <\/div><!-- box-text -->\n    <\/div><!-- .box  -->\n\n    \n    \n\t<div id=\"gap-831568776\" class=\"gap-element clearfix\" style=\"display:block; height:auto;\">\n\t\t\n<style scope=\"scope\">\n\n#gap-831568776 {\n  padding-top: 50px;\n}\n<\/style>\n\t<\/div>\n\t\n\n\n","protected":false},"excerpt":{"rendered":"<p>Unsere Produktpalette Unser Leistungsspektrum ist breit gef\u00e4chert. Wir sind ein Unternehmen der AVAG Holding SE in Augsburg, \u00fcber diesen Firmenverbund vertreiben wir folgende Marken:<\/p>\n","protected":false},"author":7,"featured_media":335,"parent":0,"menu_order":0,"comment_status":"closed","ping_status":"closed","template":"page-blank.php","meta":{"footnotes":""},"class_list":["post-2793","page","type-page","status-publish","has-post-thumbnail","hentry"],"_links":{"self":[{"href":"https:\/\/www.logistikpark.de\/cms\/wp-json\/wp\/v2\/pages\/2793","targetHints":{"allow":["GET"]}}],"collection":[{"href":"https:\/\/www.logistikpark.de\/cms\/wp-json\/wp\/v2\/pages"}],"about":[{"href":"https:\/\/www.logistikpark.de\/cms\/wp-json\/wp\/v2\/types\/page"}],"author":[{"embeddable":true,"href":"https:\/\/www.logistikpark.de\/cms\/wp-json\/wp\/v2\/users\/7"}],"replies":[{"embeddable":true,"href":"https:\/\/www.logistikpark.de\/cms\/wp-json\/wp\/v2\/comments?post=2793"}],"version-history":[{"count":41,"href":"https:\/\/www.logistikpark.de\/cms\/wp-json\/wp\/v2\/pages\/2793\/revisions"}],"predecessor-version":[{"id":2884,"href":"https:\/\/www.logistikpark.de\/cms\/wp-json\/wp\/v2\/pages\/2793\/revisions\/2884"}],"wp:featuredmedia":[{"embeddable":true,"href":"https:\/\/www.logistikpark.de\/cms\/wp-json\/wp\/v2\/media\/335"}],"wp:attachment":[{"href":"https:\/\/www.logistikpark.de\/cms\/wp-json\/wp\/v2\/media?parent=2793"}],"curies":[{"name":"wp","href":"https:\/\/api.w.org\/{rel}","templated":true}]}}