{"id":2469,"date":"2023-08-17T11:44:23","date_gmt":"2023-08-17T09:44:23","guid":{"rendered":"https:\/\/www.logistikpark.de\/cms\/?page_id=2469"},"modified":"2023-08-17T11:44:23","modified_gmt":"2023-08-17T09:44:23","slug":"hinweisgebersystem","status":"publish","type":"page","link":"https:\/\/www.logistikpark.de\/cms\/hinweisgebersystem\/","title":{"rendered":"Hinweisgebersystem"},"content":{"rendered":"\n\t<section class=\"section\" id=\"section_18839642\">\n\t\t<div class=\"bg section-bg fill bg-fill  bg-loaded\" >\n\n\t\t\t\n\t\t\t\n\t\t\t\n\n\t\t<\/div><!-- .section-bg -->\n\n\t\t<div class=\"section-content relative\">\n\t\t\t\n\n<h2>Hinweise auf Fehlverhalten? &#8211; unser vertrauliches Hinweisgebersystem<\/h2>\n\n<p>Zur Abgabe von Hinweisen auf relevante Verst\u00f6\u00dfe gegen gesetzliche Vorschriften und gegen unsere Unternehmenswerte nach dem Hinweisgeberschutzgesetz sowie zur Abgabe von Beschwerden und Hinweisen in Bezug auf unseren Lieferkette nach dem Lieferkettensorgfaltspflichtengesetz stellen wir ein externes digitales Hinweisgebersystem zur Verf\u00fcgung, das von unserem Partner aigner business solutions bereitgestellt wird.<\/p>\n<a rel=\"noopener noreferrer nofollow\" href=\"https:\/\/app.whistle-report.com\/report\/1c1a4151-2df2-4436-bb18-cc7680be21ef\" target=\"_blank\" class=\"button primary expand\">\n    <span>Zum Hinweisgebersystem<\/span>\n  <\/a>\n\n\n<p>Das Hinweisgebersystem kann von allen MitarbeiterInnen, Gesch\u00e4ftspartnerInnen, KundInnen und sonstigen Personen, die mit unserem Unternehmen oder unserer Lieferkette in Verbindung stehen, genutzt werden. Um die Vertraulichkeit der Kommunikation zu gew\u00e4hrleisten, ist unser System durch aktuelle Verschl\u00fcsselungstechnologien vor unbefugtem Zugriff gesch\u00fctzt. Neben dem digitalen Hinweisgebersystem haben Sie auch die M\u00f6glichkeit, potenzielle Regelverst\u00f6\u00dfe per Post oder telefonisch zu melden.<\/p>\n<p><strong>POSTANSCHRIFT<\/strong><br \/>aigner business solutions GmbH<br \/>Vertraulich \/ Hinweisgeber<br \/>Goldener Steig 42<br \/>94116 Hutthurm<br \/><br \/>Telefon (Deutschland): +49 800 3800 999<br \/>Telefon (Ausland) +49 69 999 988 39<\/p>\n<p>Ihre Hinweise werden entsprechend den gesetzlichen Bestimmungen vertraulich behandelt. Bei der Bearbeitung eingehender Hinweise arbeitet die Abteilung Compliance mit einem externen Partner zusammen.<\/p>\n<p>Informationen zur Verarbeitung Ihrer Personenbezogenen Daten sowie zu Ihren Rechten aus der Datenschutzgrundverordnung finden Sie <a href=\"https:\/\/www.logistikpark.de\/cms\/datenschutz\/\">hier<\/a>.<\/p>\n\n\t\t<\/div><!-- .section-content -->\n\n\t\t\n<style scope=\"scope\">\n\n#section_18839642 {\n  padding-top: 30px;\n  padding-bottom: 30px;\n}\n<\/style>\n\t<\/section>\n\t\n\n","protected":false},"excerpt":{"rendered":"","protected":false},"author":1,"featured_media":0,"parent":0,"menu_order":0,"comment_status":"closed","ping_status":"closed","template":"","meta":{"footnotes":""},"class_list":["post-2469","page","type-page","status-publish","hentry"],"_links":{"self":[{"href":"https:\/\/www.logistikpark.de\/cms\/wp-json\/wp\/v2\/pages\/2469","targetHints":{"allow":["GET"]}}],"collection":[{"href":"https:\/\/www.logistikpark.de\/cms\/wp-json\/wp\/v2\/pages"}],"about":[{"href":"https:\/\/www.logistikpark.de\/cms\/wp-json\/wp\/v2\/types\/page"}],"author":[{"embeddable":true,"href":"https:\/\/www.logistikpark.de\/cms\/wp-json\/wp\/v2\/users\/1"}],"replies":[{"embeddable":true,"href":"https:\/\/www.logistikpark.de\/cms\/wp-json\/wp\/v2\/comments?post=2469"}],"version-history":[{"count":2,"href":"https:\/\/www.logistikpark.de\/cms\/wp-json\/wp\/v2\/pages\/2469\/revisions"}],"predecessor-version":[{"id":2471,"href":"https:\/\/www.logistikpark.de\/cms\/wp-json\/wp\/v2\/pages\/2469\/revisions\/2471"}],"wp:attachment":[{"href":"https:\/\/www.logistikpark.de\/cms\/wp-json\/wp\/v2\/media?parent=2469"}],"curies":[{"name":"wp","href":"https:\/\/api.w.org\/{rel}","templated":true}]}}