{"id":15,"date":"2020-01-13T12:45:42","date_gmt":"2020-01-13T11:45:42","guid":{"rendered":"\/cms\/?page_id=15"},"modified":"2025-04-25T14:55:53","modified_gmt":"2025-04-25T12:55:53","slug":"unternehmen","status":"publish","type":"page","link":"https:\/\/www.logistikpark.de\/cms\/unternehmen\/","title":{"rendered":"Unternehmen &#8211; Seit 1958"},"content":{"rendered":"\n\t<section class=\"section\" id=\"section_2019030095\">\n\t\t<div class=\"bg section-bg fill bg-fill  bg-loaded\" >\n\n\t\t\t\n\t\t\t<div class=\"section-bg-overlay absolute fill\"><\/div>\n\t\t\t\n\n\t\t<\/div><!-- .section-bg -->\n\n\t\t<div class=\"section-content relative\">\n\t\t\t\n\n<div class=\"row row-collapse align-center\"  id=\"row-709565415\">\n\n<div class=\"col medium-11 small-12 large-11\"  ><div class=\"col-inner text-center\" style=\"padding:50px 0px 50px 0px;\" >\n\n<h2>Unser Unternehmen<\/h2>\n<p>Der Logistikpark Stollberg ist ein Logistikcenter und Gro\u00dfhandelsunternehmen f\u00fcr Kfz-Ersatzteile, Zubeh\u00f6r sowie Werkstattchemie und kann auf eine lange und erfolgreiche Firmengeschichte zur\u00fcckblicken. Nach der Gr\u00fcndung einer PGH &#8222;Kfz-Handwerk&#8220; im Jahre 1958 wurden ab 1990 in Chemnitz vier neue Autoh\u00e4user der \u201eAuto Center Nord GmbH\u201c und \u201eAuto Center Chemnitz GmbH\u201c errichtet. In dieser Zeit entstand zun\u00e4chst ein regionales Teilelager in Chemnitz.<\/p>\n<p>Die Gesellschaften waren seit 1990 Tochterfirmen der \u201eAVAG Holding SE\u201c in Augsburg, welche als eine der gr\u00f6\u00dften Automobilhandelsgruppen Europas die Entwicklung ma\u00dfgeblich beeinflusst und unterst\u00fctzt hat.<\/p>\n<p>Stetig wurde das Gesch\u00e4ft erweitert, die Lagerfl\u00e4chen vergr\u00f6\u00dfert und neue Arbeitspl\u00e4tze sind entstanden.<\/p>\n<p>Im Jahr 2016 konnten wir die inzwischen ger\u00e4umte ehemalige \u201eContinental\u201c Immobilie erwerben und hatten an diesem Standort ideale Voraussetzungen um unsere Logistik- und Gro\u00dfhandelsaktivit\u00e4ten nach Stollberg zu verlagern und noch auszubauen.<\/p>\n\n<\/div><\/div>\n<div class=\"col large-12\"  ><div class=\"col-inner\" style=\"padding:0px 0px 50px 0px;\" >\n\n\t<div class=\"img has-hover hide-for-small x md-x lg-x y md-y lg-y\" id=\"image_1277778675\">\n\t\t\t\t\t\t\t\t<div class=\"img-inner image-cover dark\" style=\"padding-top:346px;\">\n\t\t\t<img loading=\"lazy\" decoding=\"async\" width=\"1020\" height=\"364\" src=\"https:\/\/www.logistikpark.de\/cms\/wp-content\/uploads\/2020\/02\/Logistikpark-aussen-1024x365.jpg\" class=\"attachment-large size-large\" alt=\"Unternehmen\" srcset=\"https:\/\/www.logistikpark.de\/cms\/wp-content\/uploads\/2020\/02\/Logistikpark-aussen-1024x365.jpg 1024w, https:\/\/www.logistikpark.de\/cms\/wp-content\/uploads\/2020\/02\/Logistikpark-aussen-300x107.jpg 300w, https:\/\/www.logistikpark.de\/cms\/wp-content\/uploads\/2020\/02\/Logistikpark-aussen-768x274.jpg 768w, https:\/\/www.logistikpark.de\/cms\/wp-content\/uploads\/2020\/02\/Logistikpark-aussen-600x214.jpg 600w, https:\/\/www.logistikpark.de\/cms\/wp-content\/uploads\/2020\/02\/Logistikpark-aussen.jpg 1500w\" sizes=\"auto, (max-width: 1020px) 100vw, 1020px\" title=\"\">\t\t\t\t\t\t\n\t\t\t\t\t<\/div>\n\t\t\t\t\t\t\t\t\n<style scope=\"scope\">\n\n#image_1277778675 {\n  width: 100%;\n}\n<\/style>\n\t<\/div>\n\t\n\n\t<div class=\"img has-hover show-for-small x md-x lg-x y md-y lg-y\" id=\"image_1158913275\">\n\t\t\t\t\t\t\t\t<div class=\"img-inner image-cover dark\" style=\"padding-top:100%;margin:0px 0px 0px 0px;\">\n\t\t\t<img loading=\"lazy\" decoding=\"async\" width=\"1000\" height=\"482\" src=\"https:\/\/www.logistikpark.de\/cms\/wp-content\/uploads\/2020\/03\/Unternehmen-1.jpg\" class=\"attachment-large size-large\" alt=\"Unternehmen\" srcset=\"https:\/\/www.logistikpark.de\/cms\/wp-content\/uploads\/2020\/03\/Unternehmen-1.jpg 1000w, https:\/\/www.logistikpark.de\/cms\/wp-content\/uploads\/2020\/03\/Unternehmen-1-300x145.jpg 300w, https:\/\/www.logistikpark.de\/cms\/wp-content\/uploads\/2020\/03\/Unternehmen-1-768x370.jpg 768w, https:\/\/www.logistikpark.de\/cms\/wp-content\/uploads\/2020\/03\/Unternehmen-1-600x289.jpg 600w\" sizes=\"auto, (max-width: 1000px) 100vw, 1000px\" title=\"\">\t\t\t\t\t\t\n\t\t\t\t\t<\/div>\n\t\t\t\t\t\t\t\t\n<style scope=\"scope\">\n\n#image_1158913275 {\n  width: 100%;\n}\n<\/style>\n\t<\/div>\n\t\n\n\n<\/div><\/div>\n\n\n<style scope=\"scope\">\n\n<\/style>\n<\/div>\n\n\t\t<\/div><!-- .section-content -->\n\n\t\t\n<style scope=\"scope\">\n\n#section_2019030095 {\n  padding-top: 0px;\n  padding-bottom: 0px;\n  background-color: rgb(208, 208, 208);\n}\n#section_2019030095 .section-bg-overlay {\n  background-color: rgba(255, 255, 255, 0.85);\n}\n<\/style>\n\t<\/section>\n\t\n<div class=\"container section-title-container\" ><h3 class=\"section-title section-title-center\"><b><\/b><span class=\"section-title-main\" >Zahlen und Fakten<\/span><b><\/b><\/h3><\/div><!-- .section-title -->\n\n<div class=\"row\"  id=\"row-1742049840\">\n\n<div class=\"col medium-2 small-12 large-2\"  ><div class=\"col-inner\"  >\n\n<h2>2024<\/h2>\n\n<\/div><\/div>\n<div class=\"col medium-10 small-12 large-10\"  ><div class=\"col-inner\"  >\n\n<p class=\"lead\">Erweiterung des Sortiments auf 36 Kfz-Marken.<br \/>Beginn des Teilevertriebs von Leapmotor, Jaguar &amp; Land Rover<\/p>\n\n<\/div><\/div>\n\n<\/div>\n<div class=\"row\"  id=\"row-2064747355\">\n\n<div class=\"col medium-2 small-12 large-2\"  ><div class=\"col-inner\"  >\n\n<h2>2023<\/h2>\n\n<\/div><\/div>\n<div class=\"col medium-10 small-12 large-10\"  ><div class=\"col-inner\"  >\n\n<p class=\"lead\">Erweiterung des Sortiments auf 33 Kfz-Marken.<br \/>Beginn des Teilevertriebs von Fiat, Alfa Romeo, Abarth, Lancia.<\/p>\n\n<\/div><\/div>\n\n<\/div>\n<div class=\"row\"  id=\"row-2041664801\">\n\n<div class=\"col medium-2 small-12 large-2\"  ><div class=\"col-inner\"  >\n\n<h2>2022<\/h2>\n\n<\/div><\/div>\n<div class=\"col medium-10 small-12 large-10\"  ><div class=\"col-inner\"  >\n\n<p class=\"lead\">Erweiterung des Sortiments auf 29 Kfz-Marken.<br \/>Beginn des Teilevertriebs von Renault und Dacia.<\/p>\n\n<\/div><\/div>\n\n<\/div>\n<div class=\"row\"  id=\"row-966546186\">\n\n<div class=\"col medium-2 small-12 large-2\"  ><div class=\"col-inner\"  >\n\n<h2>2020<\/h2>\n\n<\/div><\/div>\n<div class=\"col medium-10 small-12 large-10\"  ><div class=\"col-inner\"  >\n\n<p class=\"lead\">Erweiterung des Sortiments auf 27 Kfz-Marken.<br \/>\nBeginn des Teilevertriebs von Volvo.<\/p>\n\n<\/div><\/div>\n\n<\/div>\n<div class=\"row\"  id=\"row-1950105899\">\n\n<div class=\"col medium-2 small-12 large-2\"  ><div class=\"col-inner\"  >\n\n<h2>2019<\/h2>\n\n<\/div><\/div>\n<div class=\"col medium-10 small-12 large-10\"  ><div class=\"col-inner\"  >\n\n<p class=\"lead\">Erweiterung des Sortiments auf 26 Kfz-Marken. Beginn des Teilevertriebs von Peugeot, Citro\u00ebn und DS Automobiles. Einstieg ins EUROREPAR-Netzwerk.<\/p>\n\n<\/div><\/div>\n\n<\/div>\n<div class=\"row\"  id=\"row-1923746742\">\n\n<div class=\"col medium-2 small-12 large-2\"  ><div class=\"col-inner\"  >\n\n<h2>2017<\/h2>\n\n<\/div><\/div>\n<div class=\"col medium-10 small-12 large-10\"  ><div class=\"col-inner\"  >\n\n<p class=\"lead\">Zusammenf\u00fchrung des Ersatzteilegesch\u00e4fts der Auto Center Chemnitz GmbH, ACN Zentrallager GmbH und Auto Center S\u00fcd \/ Nord GmbH in die Logistikpark Stollberg GmbH am neuen Standort Stollberg\/Erzgebirge.<\/p>\n\n<\/div><\/div>\n\n<\/div>\n<div class=\"row\"  id=\"row-527945998\">\n\n<div class=\"col medium-2 small-12 large-2\"  ><div class=\"col-inner\"  >\n\n<h2>2014<\/h2>\n\n<\/div><\/div>\n<div class=\"col medium-10 small-12 large-10\"  ><div class=\"col-inner\"  >\n\n<p class=\"lead\">Erweiterung des Sortiments auf 23 Kfz-Marken durch Kooperationen.<\/p>\n\n<\/div><\/div>\n\n<\/div>\n<div class=\"row\"  id=\"row-1820149285\">\n\n<div class=\"col medium-2 small-12 large-2\"  ><div class=\"col-inner\"  >\n\n<h2>2009<\/h2>\n\n<\/div><\/div>\n<div class=\"col medium-10 small-12 large-10\"  ><div class=\"col-inner\"  >\n\n<p class=\"lead\">Erweiterung der Lagerkapazit\u00e4t auf 20.000 m\u00b2 und Vergr\u00f6\u00dferung der Versandfl\u00e4che. <\/p>\n\n<\/div><\/div>\n\n<\/div>\n<div class=\"row\"  id=\"row-794563997\">\n\n<div class=\"col medium-2 small-12 large-2\"  ><div class=\"col-inner\"  >\n\n<h2>2005<\/h2>\n\n<\/div><\/div>\n<div class=\"col medium-10 small-12 large-10\"  ><div class=\"col-inner\"  >\n\n<p class=\"lead\">Abschluss des Ford-Ersatzteil- und Zubeh\u00f6rvertrages<br \/>\nUmbau der Klempnerei zum Ford Teilelager.<\/p>\n\n<\/div><\/div>\n\n<\/div>\n<div class=\"row\"  id=\"row-1586201134\">\n\n<div class=\"col medium-2 small-12 large-2\"  ><div class=\"col-inner\"  >\n\n<h2>2003<\/h2>\n\n<\/div><\/div>\n<div class=\"col medium-10 small-12 large-10\"  ><div class=\"col-inner\"  >\n\n<p class=\"lead\">Chemnitz wird regionales St\u00fctzpunktlager (RSL) der Adam Opel AG und ist somit mit der Belieferung von 120 Autoh\u00e4usern in Sachsen und Bayern beauftragt.<\/p>\n\n<\/div><\/div>\n\n<\/div>\n<div class=\"row\"  id=\"row-1549037350\">\n\n<div class=\"col medium-2 small-12 large-2\"  ><div class=\"col-inner\"  >\n\n<h2>1995<\/h2>\n\n<\/div><\/div>\n<div class=\"col medium-10 small-12 large-10\"  ><div class=\"col-inner\"  >\n\n<p class=\"lead\">Bau des \u201eAuto Center S\u00fcd\u201c und Inbetriebnahme des neuen Teilelagers.<\/p>\n\n<\/div><\/div>\n\n<\/div>\n<div class=\"row\"  id=\"row-2022662490\">\n\n<div class=\"col medium-2 small-12 large-2\"  ><div class=\"col-inner\"  >\n\n<h2>1990<\/h2>\n\n<\/div><\/div>\n<div class=\"col medium-10 small-12 large-10\"  ><div class=\"col-inner\"  >\n\n<p class=\"lead\">Aus der Kfz-Genossenschaft gehen die \u201eAutohaus Kohlstra\u00dfe GmbH\u201c und die &#8222;Auto Center Nord GmbH&#8220; mit Beteiligung an der<br \/>\n&#8222;AVAG Holding AG Augsburg&#8220; hervor.<\/p>\n\n<\/div><\/div>\n\n<\/div>\n<div class=\"row\"  id=\"row-246644442\">\n\n<div class=\"col medium-2 small-12 large-2\"  ><div class=\"col-inner\"  >\n\n<h2>1958<\/h2>\n\n<\/div><\/div>\n<div class=\"col medium-10 small-12 large-10\"  ><div class=\"col-inner\"  >\n\n<p class=\"lead\">Gr\u00fcndung der PGH &#8222;Kfz-Handwerk&#8220; unter Zusammenschluss Dreier selbstst\u00e4ndiger Handwerker zu einer Kfz-Genossenschaft.<\/p>\n\n<\/div><\/div>\n\n<\/div>\n\n","protected":false},"excerpt":{"rendered":"","protected":false},"author":2,"featured_media":0,"parent":0,"menu_order":0,"comment_status":"closed","ping_status":"closed","template":"page-blank.php","meta":{"footnotes":""},"class_list":["post-15","page","type-page","status-publish","hentry"],"_links":{"self":[{"href":"https:\/\/www.logistikpark.de\/cms\/wp-json\/wp\/v2\/pages\/15","targetHints":{"allow":["GET"]}}],"collection":[{"href":"https:\/\/www.logistikpark.de\/cms\/wp-json\/wp\/v2\/pages"}],"about":[{"href":"https:\/\/www.logistikpark.de\/cms\/wp-json\/wp\/v2\/types\/page"}],"author":[{"embeddable":true,"href":"https:\/\/www.logistikpark.de\/cms\/wp-json\/wp\/v2\/users\/2"}],"replies":[{"embeddable":true,"href":"https:\/\/www.logistikpark.de\/cms\/wp-json\/wp\/v2\/comments?post=15"}],"version-history":[{"count":39,"href":"https:\/\/www.logistikpark.de\/cms\/wp-json\/wp\/v2\/pages\/15\/revisions"}],"predecessor-version":[{"id":2840,"href":"https:\/\/www.logistikpark.de\/cms\/wp-json\/wp\/v2\/pages\/15\/revisions\/2840"}],"wp:attachment":[{"href":"https:\/\/www.logistikpark.de\/cms\/wp-json\/wp\/v2\/media?parent=15"}],"curies":[{"name":"wp","href":"https:\/\/api.w.org\/{rel}","templated":true}]}}